{"id":17690,"date":"2022-02-28T11:31:21","date_gmt":"2022-02-28T10:31:21","guid":{"rendered":"https:\/\/confiserie-adam.fr\/boutique\/produit\/sachet-surprise-noel-chocolat-papillote-2\/"},"modified":"2026-04-23T18:49:11","modified_gmt":"2026-04-23T16:49:11","slug":"oeufs-de-dino-chocolat-oeufs-praline","status":"publish","type":"product","link":"https:\/\/confiserie-adam.fr\/boutique\/produit\/oeufs-de-dino-chocolat-oeufs-praline\/","title":{"rendered":"Oeufs de dino &#8211; Chocolat &amp; oeufs pralin\u00e9"},"content":{"rendered":"<p>Oeufs de dino (90g), contient :<\/p>\n<ul>\n<li>1 dinosaure chocolat au lait<\/li>\n<li>6 oeufs pralin\u00e9<\/li>\n<\/ul>\n<ul><\/ul>\n<p>&nbsp;<\/p>\n<p><strong>Confiserie Adam<\/strong><\/p>\n<p>Entreprise familiale qui a \u00e0 c\u0153ur ses clients. Vous offrir \u00e0 la fois le go\u00fbt, le plaisir gustatif et la qualit\u00e9.<\/p>\n<ul>\n<li>Fabrication fran\u00e7aise depuis 1912<\/li>\n<li>Entreprise du Patrimoine Vivant<\/li>\n<li>Ingr\u00e9dients de qualit\u00e9<\/li>\n<\/ul>\n<p>&nbsp;<\/p>\n<p><strong>Conseils de conservation<\/strong><\/p>\n<p>A conserver \u00e0 l\u2019abri de la lumi\u00e8re et de l\u2019humidit\u00e9, dans un endroit frais et sec.<\/p>\n<p>&nbsp;<\/p>\n<p><strong><u>Ce produit contient<\/u><\/strong><\/p>\n<p>Moulage chocolat au lait d\u00e9cor chocolat blanc<\/p>\n<p>Chocolat au LAIT(cacao 30% min)<\/p>\n<p>Ingr\u00e9dients: sucre, LAIT entier en poudre, beurre de cacao, masse de cacao, lactos\u00e9rum en poudre(LAIT), \u00e9mulsifiants: l\u00e9cithine de SOJA, E476, ar\u00f4me naturel de vanille.<\/p>\n<p>D\u00e9cor chocolat blanc(cacao 26% min)<\/p>\n<p>Ingr\u00e9dients: sucre, beurre de cacao, LAIT entier en poudre, lactos\u00e9rum en poudre(LAIT), \u00e9mulsifiants: l\u00e9cithine de SOJA, E476, ar\u00f4me naturel de vanille.<\/p>\n<p>\u0152uf chocolat au lait, fourr\u00e9 pralin\u00e9<\/p>\n<p>Ingr\u00e9dients: sucre, pralin\u00e9 27%(NOISETTES, sucre), masse de cacao, poudre de LAIT entier, beurre de cacao, LACTOSE, beurre p\u00e2tissier (LAIT), poudre de cacao, \u00e9mulsifiant: l\u00e9cithine de SOJA, sel, ar\u00f4mes.<\/p>\n","protected":false},"excerpt":{"rendered":"<p>Une boite garnie de : 1 dinosaure chocolat au lait et 6 oeufs pralin\u00e9.<\/p>\n","protected":false},"featured_media":18505,"comment_status":"open","ping_status":"closed","template":"","meta":[],"product_cat":[48,654,658],"product_tag":[],"_links":{"self":[{"href":"https:\/\/confiserie-adam.fr\/boutique\/wp-json\/wp\/v2\/product\/17690"}],"collection":[{"href":"https:\/\/confiserie-adam.fr\/boutique\/wp-json\/wp\/v2\/product"}],"about":[{"href":"https:\/\/confiserie-adam.fr\/boutique\/wp-json\/wp\/v2\/types\/product"}],"replies":[{"embeddable":true,"href":"https:\/\/confiserie-adam.fr\/boutique\/wp-json\/wp\/v2\/comments?post=17690"}],"wp:featuredmedia":[{"embeddable":true,"href":"https:\/\/confiserie-adam.fr\/boutique\/wp-json\/wp\/v2\/media\/18505"}],"wp:attachment":[{"href":"https:\/\/confiserie-adam.fr\/boutique\/wp-json\/wp\/v2\/media?parent=17690"}],"wp:term":[{"taxonomy":"product_cat","embeddable":true,"href":"https:\/\/confiserie-adam.fr\/boutique\/wp-json\/wp\/v2\/product_cat?post=17690"},{"taxonomy":"product_tag","embeddable":true,"href":"https:\/\/confiserie-adam.fr\/boutique\/wp-json\/wp\/v2\/product_tag?post=17690"}],"curies":[{"name":"wp","href":"https:\/\/api.w.org\/{rel}","templated":true}]}}