{"id":17319,"date":"2022-02-03T09:24:09","date_gmt":"2022-02-03T08:24:09","guid":{"rendered":"https:\/\/confiserie-adam.fr\/boutique\/produit\/petit-coeur-garni-mini-coeur-chocolat\/"},"modified":"2026-03-28T08:26:37","modified_gmt":"2026-03-28T07:26:37","slug":"petit-coeur-garni-mini-coeur-chocolat","status":"publish","type":"product","link":"https:\/\/confiserie-adam.fr\/boutique\/produit\/petit-coeur-garni-mini-coeur-chocolat\/","title":{"rendered":"Petit c\u0153ur garni \u2013 Mini c\u0153ur chocolat"},"content":{"rendered":"<p>Un petit c\u0153ur transparent de 5cm garni de mini coeur chocolat noir coloris rouge &amp; blanc.<\/p>\n<p>&nbsp;<\/p>\n<p><strong>Ingr\u00e9dients principaux :<\/strong><\/p>\n<ul>\n<li>Chocolat noir<\/li>\n<\/ul>\n<p>&nbsp;<\/p>\n<p><strong>Confiserie Adam<\/strong><\/p>\n<p>Entreprise familiale qui a \u00e0 c\u0153ur ses clients. Vous offrir \u00e0 la fois le go\u00fbt, le plaisir gustatif et la qualit\u00e9.<\/p>\n<ul>\n<li>Fabrication fran\u00e7aise depuis 1912<\/li>\n<li>Entreprise du Patrimoine Vivant<\/li>\n<li>Ingr\u00e9dients de qualit\u00e9<\/li>\n<\/ul>\n<p>&nbsp;<\/p>\n<p><strong>Conseils de conservation<\/strong><\/p>\n<p>A conserver \u00e0 l\u2019abri de la lumi\u00e8re et de l\u2019humidit\u00e9, dans un endroit frais et sec.<\/p>\n<p>&nbsp;<\/p>\n<p><strong><u>Ce produit contient<\/u><\/strong><\/p>\n<p><strong>Mini c\u0153ur blanc\/rouge (40g)\u00a0&#8211; Chocolat noir enrob\u00e9 d\u2019une couche de sucre color\u00e9e et vernis<\/strong><\/p>\n<p>Ingr\u00e9dients\u00a0: sucre, chocolat noir 44% (cacao 73% min) (masse de cacao, sucre, \u00e9mulsifiant\u00a0: l\u00e9cithine de SOJA), amidon de riz, stabilisant\u00a0: gomme d\u2019acacia, colorant\u00a0: E100, E120, agent d\u2019enrobage\u00a0: E901, E903, ar\u00f4me naturel de vanille.<\/p>\n","protected":false},"excerpt":{"rendered":"<p>Un petit coeur transparent de 5 cm garni de mini coeur au chocolat.<\/p>\n","protected":false},"featured_media":44066,"comment_status":"open","ping_status":"closed","template":"","meta":[],"product_cat":[563],"product_tag":[],"_links":{"self":[{"href":"https:\/\/confiserie-adam.fr\/boutique\/wp-json\/wp\/v2\/product\/17319"}],"collection":[{"href":"https:\/\/confiserie-adam.fr\/boutique\/wp-json\/wp\/v2\/product"}],"about":[{"href":"https:\/\/confiserie-adam.fr\/boutique\/wp-json\/wp\/v2\/types\/product"}],"replies":[{"embeddable":true,"href":"https:\/\/confiserie-adam.fr\/boutique\/wp-json\/wp\/v2\/comments?post=17319"}],"wp:featuredmedia":[{"embeddable":true,"href":"https:\/\/confiserie-adam.fr\/boutique\/wp-json\/wp\/v2\/media\/44066"}],"wp:attachment":[{"href":"https:\/\/confiserie-adam.fr\/boutique\/wp-json\/wp\/v2\/media?parent=17319"}],"wp:term":[{"taxonomy":"product_cat","embeddable":true,"href":"https:\/\/confiserie-adam.fr\/boutique\/wp-json\/wp\/v2\/product_cat?post=17319"},{"taxonomy":"product_tag","embeddable":true,"href":"https:\/\/confiserie-adam.fr\/boutique\/wp-json\/wp\/v2\/product_tag?post=17319"}],"curies":[{"name":"wp","href":"https:\/\/api.w.org\/{rel}","templated":true}]}}