{"id":15466,"date":"2021-11-02T09:15:58","date_gmt":"2021-11-02T08:15:58","guid":{"rendered":"https:\/\/confiserie-adam.fr\/boutique\/produit\/copains-neige-chocolat-au-lait\/"},"modified":"2026-04-14T18:07:46","modified_gmt":"2026-04-14T16:07:46","slug":"copains-neige-chocolat-au-lait","status":"publish","type":"product","link":"https:\/\/confiserie-adam.fr\/boutique\/produit\/copains-neige-chocolat-au-lait\/","title":{"rendered":"Copains Neige \u2013 Chocolat au lait"},"content":{"rendered":"<p>Moulage chocolat au lait &#8211; Copains Neige &#8211; H12cm<\/p>\n<p><span>Sans colorants &amp; 100% pur beurre de cacao.<\/span><\/p>\n<p>&nbsp;<\/p>\n<p><strong>Confiserie Adam<\/strong><\/p>\n<p>Entreprise familiale qui a \u00e0 c\u0153ur ses clients. Vous offrir \u00e0 la fois le go\u00fbt, le plaisir gustatif et la qualit\u00e9.<\/p>\n<ul>\n<li>Fabrication fran\u00e7aise depuis 1912<\/li>\n<li>Entreprise du Patrimoine Vivant<\/li>\n<li>Ingr\u00e9dients de qualit\u00e9<\/li>\n<\/ul>\n<p>&nbsp;<\/p>\n<p><strong>Conseils de conservation<\/strong><\/p>\n<p>A conserver \u00e0 l\u2019abri de la lumi\u00e8re et de l\u2019humidit\u00e9, dans un endroit frais et sec.<\/p>\n<p>&nbsp;<\/p>\n<p><strong><u>Ce produit contient<\/u><\/strong><\/p>\n<p>Moulage chocolat au lait avec d\u00e9cors chocolat blanc et noir<\/p>\n<p>Chocolat au LAIT (cacao 30% min.) &#8211; Ingr\u00e9dients : sucre, LAIT entier en poudre, beurre de cacao, masse de cacao, lactos\u00e9rum en poudre (LAIT), \u00e9mulsifiants : l\u00e9cithine de SOJA, E476, ar\u00f4me naturel de vanille. Peut contenir : fruits \u00e0 coque, gluten, \u0153uf, arachides.<\/p>\n<p>D\u00e9cor chocolat blanc (cacao 26% min.) &#8211; Ingr\u00e9dients : sucre, beurre de cacao, LAIT entier en poudre, lactos\u00e9rum en poudre (LAIT), \u00e9mulsifiant : l\u00e9cithine de SOJA, E476, ar\u00f4me naturel de vanille.<\/p>\n<p>D\u00e9cor chocolat noir ( cacao 70% min.) &#8211; Ingr\u00e9dients : masse de cacao, sucre, \u00e9mulsifiant : l\u00e9cithine de SOJA.<\/p>\n","protected":false},"excerpt":{"rendered":"<p><span>Duo P\u00e8re No\u00ebl et son copain le Bonhomme de neige.<\/span><\/p>\n<p><span>Sans colorants &amp; 100% pur beurre de cacao.<\/span><\/p>\n","protected":false},"featured_media":15522,"comment_status":"open","ping_status":"closed","template":"","meta":[],"product_cat":[589,592],"product_tag":[],"_links":{"self":[{"href":"https:\/\/confiserie-adam.fr\/boutique\/wp-json\/wp\/v2\/product\/15466"}],"collection":[{"href":"https:\/\/confiserie-adam.fr\/boutique\/wp-json\/wp\/v2\/product"}],"about":[{"href":"https:\/\/confiserie-adam.fr\/boutique\/wp-json\/wp\/v2\/types\/product"}],"replies":[{"embeddable":true,"href":"https:\/\/confiserie-adam.fr\/boutique\/wp-json\/wp\/v2\/comments?post=15466"}],"wp:featuredmedia":[{"embeddable":true,"href":"https:\/\/confiserie-adam.fr\/boutique\/wp-json\/wp\/v2\/media\/15522"}],"wp:attachment":[{"href":"https:\/\/confiserie-adam.fr\/boutique\/wp-json\/wp\/v2\/media?parent=15466"}],"wp:term":[{"taxonomy":"product_cat","embeddable":true,"href":"https:\/\/confiserie-adam.fr\/boutique\/wp-json\/wp\/v2\/product_cat?post=15466"},{"taxonomy":"product_tag","embeddable":true,"href":"https:\/\/confiserie-adam.fr\/boutique\/wp-json\/wp\/v2\/product_tag?post=15466"}],"curies":[{"name":"wp","href":"https:\/\/api.w.org\/{rel}","templated":true}]}}