{"id":15459,"date":"2021-11-02T09:15:27","date_gmt":"2021-11-02T08:15:27","guid":{"rendered":"https:\/\/confiserie-adam.fr\/boutique\/produit\/coffret-cadeau-saveurs-de-noel\/"},"modified":"2026-04-14T18:06:23","modified_gmt":"2026-04-14T16:06:23","slug":"coffret-cadeau-saveurs-de-noel","status":"publish","type":"product","link":"https:\/\/confiserie-adam.fr\/boutique\/produit\/coffret-cadeau-saveurs-de-noel\/","title":{"rendered":"Coffret cadeau \u2013 Saveurs de No\u00ebl"},"content":{"rendered":"<p>Coffret Saveurs de No\u00ebl &#8211; Assortiment de :<\/p>\n<ul>\n<li>Cube pain d&#8217;\u00e9pices enrob\u00e9 chocolat noir<\/li>\n<li>Cube nougat enrob\u00e9 chocolat au lait<\/li>\n<li>Bille de bretzel enrob\u00e9 chocolat infus\u00e9 Th\u00e9 de No\u00ebl<\/li>\n<li>Amande enrob\u00e9e chocolat sp\u00e9culoos<\/li>\n<\/ul>\n<p>&nbsp;<\/p>\n<p><strong>Confiserie Adam<\/strong><\/p>\n<p>Entreprise familiale qui a \u00e0 c\u0153ur ses clients. Vous offrir \u00e0 la fois le go\u00fbt, le plaisir gustatif et la qualit\u00e9.<\/p>\n<ul>\n<li>Fabrication fran\u00e7aise depuis 1912<\/li>\n<li>Entreprise du Patrimoine Vivant<\/li>\n<li>Ingr\u00e9dients de qualit\u00e9<\/li>\n<\/ul>\n<p>&nbsp;<\/p>\n<p><strong>Conseils de conservation<\/strong><\/p>\n<p>A conserver \u00e0 l\u2019abri de la lumi\u00e8re et de l\u2019humidit\u00e9, dans un endroit frais et sec.<\/p>\n<p>&nbsp;<\/p>\n<p><strong><u>Ce produit contient<\/u><\/strong><\/p>\n<p><strong>Cube pain d&#8217;\u00e9pices au gingembre enrob\u00e9 de chocolat noir<\/strong> &#8211; Ingr\u00e9dients : chocolat noir 62% (cacao 54% min.) (masse et beurre de cacao, sucre, \u00e9mulsifiant : l\u00e9cithine de SOJA), pain d&#8217;\u00e9pices au gingembre 33% (miel, farine de BLE, sucre, AMANDE, gingembre confit 3% (gingembre 1.8%, sucre), farine de p\u00e9pins de raisins, huile de p\u00e9pins de raisins, alcool neutre, \u00e9pices, poudre \u00e0 lever : carbonates d&#8217;ammonium, huile essentielle : coriandre &#8211; gingembre, huile de p\u00e9pins de raisins), chocolat blanc 2% (cacao 26% minimum) (sucre, beurre de cacao, LAIT entier en poudre, lactos\u00e9rum en poudre (LAIT), \u00e9mulsifiants : l\u00e9cithine de SOJA, E476, ar\u00f4me naturel de vanille), vernissage (sirop de glucose, sucre, agents d&#8217;enrobage : E904, gomme d&#8217;acacia)<\/p>\n<p><strong>Cube de nougat enrob\u00e9 de chocolat au lait<\/strong> &#8211; Ingr\u00e9dients : chocolat au LAIT 59% (cacao 30% min.) (sucre, LAIT entier en poudre, beurre de cacao, masse de cacao, lactos\u00e9rum en poudre (LAIT), \u00e9mulsifiants : l\u00e9cithine de SOJA, E476, ar\u00f4me naturel de vanille), nougat 39% (sucre, sirop de glucose, AMANDES, miel, pain azyme (f\u00e9cule de pomme de terre, eau), albumine d&#8217;OEUFS, ar\u00f4me), vernissage (sirop de glucose, sucre, agents d&#8217;enrobage : E9004, gomme d&#8217;acacia)<\/p>\n<p><strong>Biscuit sal\u00e9 enrob\u00e9 de chocolat blanc aromatis\u00e9 au th\u00e9 noir infus\u00e9<\/strong> &#8211; Ingr\u00e9dients : chocolat blanc 53% (cacao 26% min.) (sucre, beurre de cacao, poudre de LAIT entier, poudre de lactos\u00e9rum (LAIT), \u00e9mulsifiants : l\u00e9cithine de SOJA, E476, ar\u00f4me naturel de vanille), biscuit sal\u00e9 35% (farine de BLE, sel, huile de tournesol, farine de BLE malt\u00e9, levure, correcteur d&#8217;acidit\u00e9 : hydroxyde de sodium), beurre de cacao, th\u00e9 noir aromatis\u00e9 (th\u00e9 noir, ar\u00f4mes, p\u00e9tales de bleuet, \u00e9corces d&#8217;orange), vernissage (sirop de glucose, sucre, agents d&#8217;enrobage : gomme laque, gomme d&#8217;acacia)<\/p>\n<p><strong>Amande grill\u00e9e enrob\u00e9e de chocolat blanc et de p\u00e2te de sp\u00e9culoos<\/strong> &#8211; Ingr\u00e9dients : chocolat blanc 48% (cacao 32% min.) (sucre, beurre de cacao, LAIT entier en poudre, LAIT \u00e9cr\u00e9m\u00e9 en poudre, mati\u00e8re grasse LAITIERE, lactos\u00e9rum en poudre (LAIT), \u00e9mulsifiant : l\u00e9cithine de tournesol, ar\u00f4me naturel de vanille), AMANDE grill\u00e9e 25%, p\u00e2te de sp\u00e9culoos 22% (sp\u00e9culoos 13% (farine de BLE, sucre, huiles v\u00e9g\u00e9tales (palme, colza), sirop de sucre candi, poudre \u00e0 lever : carbonate acide de sodium, sel, cannelle), huiles v\u00e9g\u00e9tales (colza), sucre, huiles v\u00e9g\u00e9tales totalement hydrog\u00e9n\u00e9es (palme, colza), \u00e9mulsifiant : l\u00e9cithine de tournesol, E472c, ar\u00f4me naturel, acidifiant : E330), beurre de cacao, vernissage (sirop de glucose, sucre, agents d&#8217;enrobage : E904, gomme d&#8217;acacia).<\/p>\n<p>Peut contenir d&#8217;autres fruits \u00e0 coque, oeuf, arachides, graines de s\u00e9same.<\/p>\n","protected":false},"excerpt":{"rendered":"<p>Assortiment de gourmandises enrob\u00e9es chocolat : pain d&#8217;\u00e9pices chocolat noir, nougat chocolat au lait, bretzel chocolat th\u00e9 de No\u00ebl &amp; amande chocolat sp\u00e9culoos.<\/p>\n","protected":false},"featured_media":51386,"comment_status":"open","ping_status":"closed","template":"","meta":[],"product_cat":[772,645,651,589,595,596],"product_tag":[],"_links":{"self":[{"href":"https:\/\/confiserie-adam.fr\/boutique\/wp-json\/wp\/v2\/product\/15459"}],"collection":[{"href":"https:\/\/confiserie-adam.fr\/boutique\/wp-json\/wp\/v2\/product"}],"about":[{"href":"https:\/\/confiserie-adam.fr\/boutique\/wp-json\/wp\/v2\/types\/product"}],"replies":[{"embeddable":true,"href":"https:\/\/confiserie-adam.fr\/boutique\/wp-json\/wp\/v2\/comments?post=15459"}],"wp:featuredmedia":[{"embeddable":true,"href":"https:\/\/confiserie-adam.fr\/boutique\/wp-json\/wp\/v2\/media\/51386"}],"wp:attachment":[{"href":"https:\/\/confiserie-adam.fr\/boutique\/wp-json\/wp\/v2\/media?parent=15459"}],"wp:term":[{"taxonomy":"product_cat","embeddable":true,"href":"https:\/\/confiserie-adam.fr\/boutique\/wp-json\/wp\/v2\/product_cat?post=15459"},{"taxonomy":"product_tag","embeddable":true,"href":"https:\/\/confiserie-adam.fr\/boutique\/wp-json\/wp\/v2\/product_tag?post=15459"}],"curies":[{"name":"wp","href":"https:\/\/api.w.org\/{rel}","templated":true}]}}