{"id":15458,"date":"2021-11-02T09:15:26","date_gmt":"2021-11-02T08:15:26","guid":{"rendered":"https:\/\/confiserie-adam.fr\/boutique\/produit\/calendrier-de-lavent-gourmand-bio\/"},"modified":"2026-03-28T08:33:22","modified_gmt":"2026-03-28T07:33:22","slug":"calendrier-de-lavent-gourmand-bio","status":"publish","type":"product","link":"https:\/\/confiserie-adam.fr\/boutique\/produit\/calendrier-de-lavent-gourmand-bio\/","title":{"rendered":"Calendrier de l&#8217;Avent Gourmand &#8211; Bio"},"content":{"rendered":"<p>Calendrier de l&#8217;avent Bio 24 cases.<\/p>\n<p>Assortiment de gourmandises et sp\u00e9cialit\u00e9s chocolat\u00e9es Bio, contenu :<\/p>\n<ul>\n<li>Amande chocolat au lait Bio<\/li>\n<li>Amande chocolat citron vert<\/li>\n<li>Cranberry chocolat noir<\/li>\n<li>Amande chocolat noir<\/li>\n<li>Drag\u00e9e aux amandes<\/li>\n<li>Amande chocolat caramel<\/li>\n<li>Bille de c\u00e9r\u00e9ale chocolat au lait<\/li>\n<li>Guimauve chocolat noir<\/li>\n<li>Guimauve chocolat au lait caramel<\/li>\n<li>Noisette chocolat au lait<\/li>\n<li>Noisette chocolat noir<\/li>\n<li>Drag\u00e9e au chocolat<\/li>\n<li>Amande chocolat pralin\u00e9<\/li>\n<li>Perle de fruit cerise<\/li>\n<li>Perle de fruit framboise<\/li>\n<li>Palet chocolat noir avec inclusions noisettes et oranges confites<\/li>\n<li>Palet chocolat au lait avec inclusions noisettes et \u00e9clats de caramel<\/li>\n<\/ul>\n<p>&nbsp;<\/p>\n<p><strong>Confiserie Adam<\/strong><\/p>\n<p>Entreprise familiale qui a \u00e0 c\u0153ur ses clients. Vous offrir \u00e0 la fois le go\u00fbt, le plaisir gustatif et la qualit\u00e9.<\/p>\n<ul>\n<li>Fabrication fran\u00e7aise depuis 1912<\/li>\n<li>Entreprise du Patrimoine Vivant<\/li>\n<li>Ingr\u00e9dients de qualit\u00e9<\/li>\n<\/ul>\n<p>&nbsp;<\/p>\n<p><strong>Conseils de conservation<\/strong><\/p>\n<p>A conserver \u00e0 l\u2019abri de la lumi\u00e8re et de l\u2019humidit\u00e9, dans un endroit frais et sec.<\/p>\n<p>&nbsp;<\/p>\n<p><strong><u>Ce produit contient<\/u><\/strong><\/p>\n<p>Produits de confiseries<\/p>\n<p>Amande chocolat au lait &#8211; Amande grill\u00e9e enrob\u00e9e de chocolat au lait &#8211; Ingr\u00e9dients : chocolat au LAIT* 66% (cacao 39% minimum) (sucre*, beurre de cacao*, LAIT entier en poudre*, masse de cacao*, poudre de vanille*), AMANDE grill\u00e9e 33%, agent d&#8217;enrobage* (gomme d&#8217;acacia*, saccharose*, miel*)<\/p>\n<p>Amande chocolat citron vert &#8211; Amande grill\u00e9e enrob\u00e9e de chocolat blanc saveur citron vert &#8211; Ingr\u00e9dients : chocolat blanc* 65% (cacao 29% minimum) (sucre*, beurre de cacao*, poudre de LAIT entier*, poudre de vanille*), AMANDE grill\u00e9e* 32%, beurre de cacao*, ar\u00f4me naturel*, agent d&#8217;enrobage* (gomme d&#8217;acacia*, saccharose*, miel*)<\/p>\n<p>Cranberry chocolat noir &#8211; Cranberry enrob\u00e9e de chocolat noir &#8211; Ingr\u00e9dients : chocolat noir* 64% (cacao 74% minimum) (masse de cacao*, vanille en poudre*), cranberry s\u00e9ch\u00e9 confit 34% (cranberry*, sucre de canne*, agent d&#8217;enrobage : huile de tournesol*), agent d&#8217;enrobage (gomme d&#8217;acacia*, saccharose*, miel*)<\/p>\n<p>Amande chocolat noir &#8211; Amande grill\u00e9e enrob\u00e9e de chocolat noir &#8211; Ingr\u00e9dients : chocolat noir* 66% (cacao 74% minimum) (masse de cacao*, vanille en poudre*), AMANDE grill\u00e9e* 33%, beurre de cacao*, agent d&#8217;enrobage* (gomme d&#8217;acacia*, saccharose*, miel*)<\/p>\n<p>Drag\u00e9es aux amandes &#8211; Ingr\u00e9dients : sucre*, AMANDES* 35%, amidon de riz*, gomme arabique*, sucre glace* (sucre de canne*, f\u00e9cule de pomme de terre)<\/p>\n<p>Amande chocolat caramel &#8211; Amande grill\u00e9e enrob\u00e9e de chocolat au lait saveur caramel &#8211; Ingr\u00e9dients : chocolat au LAIT* 66% (cacao 39% minimum) (sucre*, beurre de cacao*, LAIT entier en poudre*, masse de cacao*, poudre de vanille*), AMANDE grill\u00e9e* 33%, ar\u00f4me naturel de caramel*, agent d&#8217;enrobage* (gomme d&#8217;acacia*, saccharose*, miel*)<\/p>\n<p>Bille de c\u00e9r\u00e9ale chocolat au lait &#8211; Bille de c\u00e9r\u00e9ale souffl\u00e9e enrob\u00e9e de chocolat au lait &#8211; Ingr\u00e9dients : chocolat au LAIT* 74% (cacao 39% min) (sucre*, beurre de cacao*, LAIT entier en poudre*, masse de cacao*, poudre de vanille*), boules de riz et ma\u00efs souffl\u00e9s go\u00fbt de chocolat 24% (c\u00e9r\u00e9ales* 16% (riz*, ma\u00efs*), chocolat en poudre* 3% (sucre de canne*, cacao en poudre*), sucre de canne*, chocolat* 1% (sucre de canne*, p\u00e2te de cacao*, beurre de cacao*), extrait de vanille*, sel de mer), agent d&#8217;enrobage* (gomme d&#8217;acacia*, saccharose*, miel*)<\/p>\n<p>Guimauve chocolat noir &#8211; Guimauve enrob\u00e9e de chocolat noir &#8211; Ingr\u00e9dients : chocolat noir* 69% (cacao 74% minimum) (masse de cacao*, sucre*, beurre de cacao*, vanille en poudre*), \u0153uf guimauve* 29% (sucre*, sirop de glucose*, dextrose*, g\u00e9lifiant : g\u00e9latine*, agent d&#8217;enrobage : huile de tournesol*, cire de carnauba*), agent d&#8217;enrobage* (gomme d&#8217;acacia*, saccharose*, miel*)<\/p>\n<p>Guimauve chocolat lait caramel &#8211; Guimauve enrob\u00e9e de chocolat au lait saveur caramel &#8211; Ingr\u00e9dients : chocolat au LAIT* 69% (cacao 39% minimum) (sucre*, beurre de cacao*, LAIT entier en poudre*, masse de cacao*, poudre de vanille*), \u0153uf guimauve* 29% (sucre*, sirop de glucose*, dextrose*, g\u00e9lifiant : g\u00e9latine*, agent d&#8217;enrobage : huile de tournesol*, cire de carnauba*), ar\u00f4me naturel de caramel*, agent d&#8217;enrobage* (gomme d&#8217;acacia*, saccharose*, miel*)<\/p>\n<p>Noisette chocolat au lait &#8211; Noisette grill\u00e9e enrob\u00e9e de chocolat au lait &#8211; Ingr\u00e9dients : chocolat au LAIT* 66% (cacao 39% minimum) (sucre*, beurre de cacao*, LAIT entier en poudre*, masse de cacao*, poudre de vanille*), NOISETTE grill\u00e9e* 33%, beurre de cacao*, agent d&#8217;enrobage* (gomme d&#8217;acacia*, saccharose*, miel*)<\/p>\n<p>Noisette chocolat noir &#8211; Noisette grill\u00e9e enrob\u00e9e de chocolat noir &#8211; Ingr\u00e9dients : chocolat noir* 65% (cacao 74% minimum) (masse de cacao*, sucre*, beurre de cacao*, vanille en poudre*), NOISETTE grill\u00e9e* 32%, beurre de cacao*, agent d&#8217;enrobage* (gomme d&#8217;acacia*, saccharose*, miel*)<\/p>\n<p>Drag\u00e9e au chocolat &#8211; Ingr\u00e9dients : chocolat noir* 47% (cacao 74% minimum) (masse de cacao*, sucre*, beurre de cacao*, vanille en poudre*), sucre*, gomme arabique*, amidon de riz*, sucre glace* (sucre de canne*, f\u00e9cule de pomme de terre)<\/p>\n<p>Amande chocolat pralin\u00e9 &#8211; Amande grill\u00e9e enrob\u00e9e de chocolat noir et p\u00e2te de pralin\u00e9, drag\u00e9ifi\u00e9e &#8211; Ingr\u00e9dients : sucre*, chocolat noir* 23% (cacao 74% minimum) (masse de cacao*, sucre*, beurre de cacao*, vanille en poudre*), p\u00e2te de pralin\u00e9 noisette chocolat* 23% (sucre de canne*, NOISETTES d\u00e9cortiqu\u00e9es*, masse de cacao*, beurre de cacao*), AMANDES grill\u00e9es* 17%, gomme arabique*<\/p>\n<p>Perle de fruit cerise &#8211; C\u0153ur g\u00e9lifi\u00e9 \u00e0 la pectine enrob\u00e9 de chocolat blanc saveur cerise &#8211; Ingr\u00e9dients : chocolat blanc* 58% (cacao 29% minimum) (sucre*, beurre de cacao*, poudre de LAIT entier*, poudre de vanille*), g\u00e9lifi\u00e9 \u00e0 base de pectine et pur\u00e9e de fruits* 38% (pur\u00e9e de pomme* 19%, sucre*, sirop de glucose*, g\u00e9lifiant : pectine, acidifiant : acide citrique), beurre de cacao*, ar\u00f4me naturel de cerise*, agent d&#8217;enrobage* (gomme d&#8217;acacia*, saccharose*, miel*)<\/p>\n<p>Perle de fruit framboise &#8211; C\u0153ur g\u00e9lifi\u00e9 \u00e0 la pectine enrob\u00e9 de chocolat noir saveur framboise &#8211; Ingr\u00e9dients : chocolat noir* 59% (cacao 74% minimum) (masse de cacao*, sucre*, beurre de cacao*, vanille en poudre*), g\u00e9lifi\u00e9 \u00e0 base de pectine et pur\u00e9e de fruits* 39% (pur\u00e9e de pomme* 20%, sucre*, sirop de glucose*, g\u00e9lifiant : pectine, acidifiant : acide citrique), ar\u00f4me naturel de framboise*, agent d&#8217;enrobage* (gomme d&#8217;acacia*, saccharose*, miel*)<\/p>\n<p>Mendiants &#8211; Assortiment de palets de chocolat noir avec inclusions de noisettes\/oranges confites et de palets de chocolat au lait avec inclusions de noisettes\/\u00e9clats de caramel &#8211; Ingr\u00e9dients : chocolat au LAIT* 37,5% (cacao 39% minimum) (sucre*, beurre de cacao*, LAIT entier en poudre*, masse de cacao*, vanille en poudre*), chocolat noir* 37,5% (cacao 74% minimum) (masse de cacao*, sucre*, beurre de cacao*, vanille en poudre*), AMANDE* grill\u00e9e 6,3%, NOISETTE* grill\u00e9e 6,3%, orange confite* 6,2% (sirop de glucose*, \u00e9corces d&#8217;oranges*, sel), caramel aromatique \u00e0 la cr\u00e8me eu au beurre* 6,2% (sirop de glucose*, sucre*, cr\u00e8me* (LAIT), beurre* (LAIT), sel de Gu\u00e9rande, eau)<\/p>\n<p>&nbsp;<\/p>\n","protected":false},"excerpt":{"rendered":"<p>24 cases surprises avec du chocolat et des gourmandises Bio. Chaque jour une gourmandise diff\u00e9rente \u00e0 d\u00e9couvrir !<\/p>\n","protected":false},"featured_media":15543,"comment_status":"open","ping_status":"closed","template":"","meta":[],"product_cat":[719,589,595],"product_tag":[],"_links":{"self":[{"href":"https:\/\/confiserie-adam.fr\/boutique\/wp-json\/wp\/v2\/product\/15458"}],"collection":[{"href":"https:\/\/confiserie-adam.fr\/boutique\/wp-json\/wp\/v2\/product"}],"about":[{"href":"https:\/\/confiserie-adam.fr\/boutique\/wp-json\/wp\/v2\/types\/product"}],"replies":[{"embeddable":true,"href":"https:\/\/confiserie-adam.fr\/boutique\/wp-json\/wp\/v2\/comments?post=15458"}],"wp:featuredmedia":[{"embeddable":true,"href":"https:\/\/confiserie-adam.fr\/boutique\/wp-json\/wp\/v2\/media\/15543"}],"wp:attachment":[{"href":"https:\/\/confiserie-adam.fr\/boutique\/wp-json\/wp\/v2\/media?parent=15458"}],"wp:term":[{"taxonomy":"product_cat","embeddable":true,"href":"https:\/\/confiserie-adam.fr\/boutique\/wp-json\/wp\/v2\/product_cat?post=15458"},{"taxonomy":"product_tag","embeddable":true,"href":"https:\/\/confiserie-adam.fr\/boutique\/wp-json\/wp\/v2\/product_tag?post=15458"}],"curies":[{"name":"wp","href":"https:\/\/api.w.org\/{rel}","templated":true}]}}