{"id":15070,"date":"2021-10-08T09:39:55","date_gmt":"2021-10-08T07:39:55","guid":{"rendered":"https:\/\/confiserie-adam.fr\/boutique\/produit\/m-noel-chocolat-au-lait-noisettes-2\/"},"modified":"2026-04-14T18:07:58","modified_gmt":"2026-04-14T16:07:58","slug":"m-noel-chocolat-au-lait-noisettes","status":"publish","type":"product","link":"https:\/\/confiserie-adam.fr\/boutique\/produit\/m-noel-chocolat-au-lait-noisettes\/","title":{"rendered":"M. No\u00ebl \u2013 Chocolat au lait noisettes"},"content":{"rendered":"<p>Moulage chocolat au lait aux \u00e9clats de noisettes &#8211; M. No\u00ebl &#8211; H19cm<\/p>\n<p><span>Sans colorants &amp; 100% pur beurre de cacao.<\/span><\/p>\n<p>&nbsp;<\/p>\n<p><strong>Confiserie Adam<\/strong><\/p>\n<p>Entreprise familiale qui a \u00e0 c\u0153ur ses clients. Vous offrir \u00e0 la fois le go\u00fbt, le plaisir gustatif et la qualit\u00e9.<\/p>\n<ul>\n<li>Fabrication fran\u00e7aise depuis 1912<\/li>\n<li>Entreprise du Patrimoine Vivant<\/li>\n<li>Ingr\u00e9dients de qualit\u00e9<\/li>\n<\/ul>\n<p>&nbsp;<\/p>\n<p><strong>Conseils de conservation<\/strong><\/p>\n<p>A conserver \u00e0 l\u2019abri de la lumi\u00e8re et de l\u2019humidit\u00e9, dans un endroit frais et sec.<\/p>\n<p>&nbsp;<\/p>\n<p><strong><u>Ce produit contient<\/u><\/strong><\/p>\n<p>Moulage chocolat au lait inclusions d&#8217;\u00e9clat de noisettes grill\u00e9es &#8211; D\u00e9cors chocolat blanc et noir<\/p>\n<p>Ingr\u00e9dients : Chocolat au LAIT 92,3% (cacao 30% min.) (sucre, LAIT entier en poudre, beurre de cacao, masse de cacao, lactos\u00e9rum en poudre (LAIT), \u00e9mulsifiant : l\u00e9cithine de SOJA, E476, ar\u00f4me naturel de vanille), \u00e9clats de noisette grill\u00e9e 7.7%.\u00a0 Peut contenir d&#8217;autres fruits \u00e0 coque, gluten, \u0153uf, arachides.<\/p>\n<p>D\u00e9cor chocolat blanc (cacao 26% min.) &#8211; Ingr\u00e9dients : sucre, beurre de cacao, LAIT entier en poudre, lactos\u00e9rum en poudre (LAIT), \u00e9mulsifiant : l\u00e9cithine de SOJA, E476, ar\u00f4me naturel de vanille.<\/p>\n<p>D\u00e9cor chocolat noir ( cacao 70% min.) &#8211; Ingr\u00e9dients : masse de cacao, sucre, \u00e9mulsifiant : l\u00e9cithine de SOJA.<\/p>\n","protected":false},"excerpt":{"rendered":"<p>Un P\u00e8re-No\u00ebl crousti&#8217;fondant chocolat au lait aux \u00e9clats de noisette.<\/p>\n<p><span>Sans colorants &amp; 100% pur beurre de cacao.<\/span><\/p>\n","protected":false},"featured_media":15560,"comment_status":"open","ping_status":"closed","template":"","meta":[],"product_cat":[589,592],"product_tag":[],"_links":{"self":[{"href":"https:\/\/confiserie-adam.fr\/boutique\/wp-json\/wp\/v2\/product\/15070"}],"collection":[{"href":"https:\/\/confiserie-adam.fr\/boutique\/wp-json\/wp\/v2\/product"}],"about":[{"href":"https:\/\/confiserie-adam.fr\/boutique\/wp-json\/wp\/v2\/types\/product"}],"replies":[{"embeddable":true,"href":"https:\/\/confiserie-adam.fr\/boutique\/wp-json\/wp\/v2\/comments?post=15070"}],"wp:featuredmedia":[{"embeddable":true,"href":"https:\/\/confiserie-adam.fr\/boutique\/wp-json\/wp\/v2\/media\/15560"}],"wp:attachment":[{"href":"https:\/\/confiserie-adam.fr\/boutique\/wp-json\/wp\/v2\/media?parent=15070"}],"wp:term":[{"taxonomy":"product_cat","embeddable":true,"href":"https:\/\/confiserie-adam.fr\/boutique\/wp-json\/wp\/v2\/product_cat?post=15070"},{"taxonomy":"product_tag","embeddable":true,"href":"https:\/\/confiserie-adam.fr\/boutique\/wp-json\/wp\/v2\/product_tag?post=15070"}],"curies":[{"name":"wp","href":"https:\/\/api.w.org\/{rel}","templated":true}]}}