{"id":15058,"date":"2021-10-08T09:38:37","date_gmt":"2021-10-08T07:38:37","guid":{"rendered":"https:\/\/confiserie-adam.fr\/boutique\/produit\/dragee-au-chocolat-54-coloris-lavande\/"},"modified":"2026-04-04T10:11:23","modified_gmt":"2026-04-04T08:11:23","slug":"dragee-au-chocolat-71-coloris-lavande","status":"publish","type":"product","link":"https:\/\/confiserie-adam.fr\/boutique\/produit\/dragee-au-chocolat-71-coloris-lavande\/","title":{"rendered":"Drag\u00e9e au Chocolat 71% &#8211; Coloris Lavande"},"content":{"rendered":"<p>Chocolat sous une fine couche de sucre \u2013 Coloris Lavande.<\/p>\n<p>&nbsp;<\/p>\n<p><em>Environ 80 pi\u00e8ces par sachet (donn\u00e9es \u00e0 titre indicatif \u00e0 plus ou moins 15 pi\u00e8ces).<\/em><\/p>\n<p>&nbsp;<\/p>\n<p><strong>Ingr\u00e9dients principaux :<\/strong><\/p>\n<ul>\n<li>Chocolat 71%<\/li>\n<li>Sucre<\/li>\n<\/ul>\n<p>&nbsp;<\/p>\n<p><strong>Confiserie Adam<\/strong><\/p>\n<p>Entreprise familiale qui a \u00e0 c\u0153ur ses clients. Vous offrir \u00e0 la fois le go\u00fbt, le plaisir gustatif et la qualit\u00e9.<\/p>\n<ul>\n<li>Fabrication fran\u00e7aise depuis 1912<\/li>\n<li>Entreprise du Patrimoine Vivant<\/li>\n<li>Ingr\u00e9dients de qualit\u00e9<\/li>\n<\/ul>\n<p>&nbsp;<\/p>\n<p><strong>Conseils de conservation<\/strong><\/p>\n<p>A conserver \u00e0 l\u2019abri de la lumi\u00e8re et de l\u2019humidit\u00e9, dans un endroit frais et sec.<\/p>\n<p>&nbsp;<\/p>\n<p><strong><u>Ce produit contient<\/u><\/strong><\/p>\n<p>Ingr\u00e9dients : sucre, chocolat noir 44% (cacao 71% min.) (masse de cacao, sucre, \u00e9mulsifiant : l\u00e9cithine SOJA), amidon de riz, stabilisant : gomme d\u2019acacia, colorant : E132, agents d\u2019enrobage : E901, E903, ar\u00f4me.<\/p>\n<p>Peut contenir gluten, \u0153uf, arachides, fruits \u00e0 coque, lait.<\/p>\n","protected":false},"excerpt":{"rendered":"<p><span>Drag\u00e9e au chocolat 71% de cacao. Un chocolat gourmand.\u00a0<\/span><\/p>\n","protected":false},"featured_media":39082,"comment_status":"open","ping_status":"closed","template":"","meta":[],"product_cat":[30,46],"product_tag":[],"_links":{"self":[{"href":"https:\/\/confiserie-adam.fr\/boutique\/wp-json\/wp\/v2\/product\/15058"}],"collection":[{"href":"https:\/\/confiserie-adam.fr\/boutique\/wp-json\/wp\/v2\/product"}],"about":[{"href":"https:\/\/confiserie-adam.fr\/boutique\/wp-json\/wp\/v2\/types\/product"}],"replies":[{"embeddable":true,"href":"https:\/\/confiserie-adam.fr\/boutique\/wp-json\/wp\/v2\/comments?post=15058"}],"wp:featuredmedia":[{"embeddable":true,"href":"https:\/\/confiserie-adam.fr\/boutique\/wp-json\/wp\/v2\/media\/39082"}],"wp:attachment":[{"href":"https:\/\/confiserie-adam.fr\/boutique\/wp-json\/wp\/v2\/media?parent=15058"}],"wp:term":[{"taxonomy":"product_cat","embeddable":true,"href":"https:\/\/confiserie-adam.fr\/boutique\/wp-json\/wp\/v2\/product_cat?post=15058"},{"taxonomy":"product_tag","embeddable":true,"href":"https:\/\/confiserie-adam.fr\/boutique\/wp-json\/wp\/v2\/product_tag?post=15058"}],"curies":[{"name":"wp","href":"https:\/\/api.w.org\/{rel}","templated":true}]}}