{"id":15023,"date":"2021-10-08T09:36:27","date_gmt":"2021-10-08T07:36:27","guid":{"rendered":"https:\/\/confiserie-adam.fr\/boutique\/produit\/dragee-mini-confettis-chocolat-au-lait-or\/"},"modified":"2026-04-14T17:59:54","modified_gmt":"2026-04-14T15:59:54","slug":"dragee-mini-confettis-chocolat-au-lait-or","status":"publish","type":"product","link":"https:\/\/confiserie-adam.fr\/boutique\/produit\/dragee-mini-confettis-chocolat-au-lait-or\/","title":{"rendered":"Drag\u00e9e mini confettis chocolat au lait &#8211; Or"},"content":{"rendered":"<p>Chocolat au lait sous une fine couche de sucre \u2013 forme mini confetti &#8211; coloris or.<\/p>\n<p>&nbsp;<\/p>\n<p><em>Environ 506 pi\u00e8ces par sachet (donn\u00e9es \u00e0 titre indicatif \u00e0 plus ou moins 15 pi\u00e8ces).<\/em><\/p>\n<p>&nbsp;<\/p>\n<p><strong>Ingr\u00e9dients principaux :<\/strong><\/p>\n<ul>\n<li>Chocolat au lait<\/li>\n<li>Sucre<\/li>\n<\/ul>\n<p>&nbsp;<\/p>\n<p><strong>Confiserie Adam<\/strong><\/p>\n<p>Entreprise familiale qui a \u00e0 c\u0153ur ses clients. Vous offrir \u00e0 la fois le go\u00fbt, le plaisir gustatif et la qualit\u00e9.<\/p>\n<ul>\n<li>Fabrication fran\u00e7aise depuis 1912<\/li>\n<li>Entreprise du Patrimoine Vivant<\/li>\n<li>Ingr\u00e9dients de qualit\u00e9<\/li>\n<\/ul>\n<p>&nbsp;<\/p>\n<p><strong>Conseils de conservation<\/strong><\/p>\n<p>A conserver \u00e0 l\u2019abri de la lumi\u00e8re et de l\u2019humidit\u00e9, dans un endroit frais et sec.<\/p>\n<p>&nbsp;<\/p>\n<p><strong><u>Ce produit contient<\/u><\/strong><\/p>\n<p><strong>Mini confetti or \u2013 Drag\u00e9e au chocolat au lait<\/strong><\/p>\n<p>Ingr\u00e9dients :<span><\/span>\u00a0sucre, chocolat au LAIT 30% (cacao 30% min.) (sucre, beurre de cacao, LAIT entier en poudre, masse de cacao, LACTOSERUM en poudre, \u00e9mulsifiant : l\u00e9cithine de SOJA, ar\u00f4me), amidon de riz et de ma\u00efs, g\u00e9lifiant : maltodextrine, gomme d\u2019acacia, ar\u00f4me, colorants : E104, E122, E160c, E174.<\/p>\n<p>Peut contenir\u00a0: fruits \u00e0 coque, gluten, \u0153uf, arachides, lait.<\/p>\n<p>E104, E122 peut avoir des effets ind\u00e9sirables sur l\u2019activit\u00e9 et l\u2019attention des enfants.<\/p>\n","protected":false},"excerpt":{"rendered":"<p><span>La drag\u00e9e dans sa version mini confetti au chocolat au lait.<\/span><\/p>\n","protected":false},"featured_media":28806,"comment_status":"open","ping_status":"closed","template":"","meta":[],"product_cat":[30,46],"product_tag":[],"_links":{"self":[{"href":"https:\/\/confiserie-adam.fr\/boutique\/wp-json\/wp\/v2\/product\/15023"}],"collection":[{"href":"https:\/\/confiserie-adam.fr\/boutique\/wp-json\/wp\/v2\/product"}],"about":[{"href":"https:\/\/confiserie-adam.fr\/boutique\/wp-json\/wp\/v2\/types\/product"}],"replies":[{"embeddable":true,"href":"https:\/\/confiserie-adam.fr\/boutique\/wp-json\/wp\/v2\/comments?post=15023"}],"wp:featuredmedia":[{"embeddable":true,"href":"https:\/\/confiserie-adam.fr\/boutique\/wp-json\/wp\/v2\/media\/28806"}],"wp:attachment":[{"href":"https:\/\/confiserie-adam.fr\/boutique\/wp-json\/wp\/v2\/media?parent=15023"}],"wp:term":[{"taxonomy":"product_cat","embeddable":true,"href":"https:\/\/confiserie-adam.fr\/boutique\/wp-json\/wp\/v2\/product_cat?post=15023"},{"taxonomy":"product_tag","embeddable":true,"href":"https:\/\/confiserie-adam.fr\/boutique\/wp-json\/wp\/v2\/product_tag?post=15023"}],"curies":[{"name":"wp","href":"https:\/\/api.w.org\/{rel}","templated":true}]}}