{"id":13402,"date":"2021-04-28T14:38:12","date_gmt":"2021-04-28T12:38:12","guid":{"rendered":"https:\/\/confiserie-adam.fr\/boutique\/produit\/bonbons-dantan-feuille-verveine\/"},"modified":"2026-04-07T09:49:19","modified_gmt":"2026-04-07T07:49:19","slug":"bonbons-dantan-feuille-verveine","status":"publish","type":"product","link":"https:\/\/confiserie-adam.fr\/boutique\/produit\/bonbons-dantan-feuille-verveine\/","title":{"rendered":"Bonbons d&#8217;antan &#8211; Feuille verveine"},"content":{"rendered":"<p>Bonbons traditionnels de sucre cuit &#8211; Verveine.<\/p>\n<p>&nbsp;<\/p>\n<p><strong>Confiserie Adam<\/strong><\/p>\n<p>Entreprise familiale qui a \u00e0 c\u0153ur ses clients. Vous offrir \u00e0 la fois le go\u00fbt, le plaisir gustatif et la qualit\u00e9.<\/p>\n<ul>\n<li>Fabrication fran\u00e7aise depuis 1912<\/li>\n<li>Entreprise du Patrimoine Vivant<\/li>\n<li>Ingr\u00e9dients de qualit\u00e9<\/li>\n<\/ul>\n<p>&nbsp;<\/p>\n<p><strong>Conseils de conservation<\/strong><\/p>\n<p>A conserver \u00e0 l\u2019abri de la lumi\u00e8re et de l\u2019humidit\u00e9, dans un endroit frais et sec.<\/p>\n<p>&nbsp;<\/p>\n<p><strong><u>Ce produit contient<\/u><\/strong><\/p>\n<p><strong>Bonbons de sucre cuit aromatis\u00e9s saveur verveine<\/strong><\/p>\n<p>Ingr\u00e9dients\u00a0: sucre, sirop de glucose, ar\u00f4me naturel, concentr\u00e9 (spiruline, pomme), colorant\u00a0: curcumine. Peut contenir\u00a0: fruits \u00e0 coque, gluten, \u0153uf, arachides, soja, lait.<\/p>\n","protected":false},"excerpt":{"rendered":"<p>Des bonbons traditionnels au sucre cuit, saveur verveine.<\/p>\n","protected":false},"featured_media":28990,"comment_status":"open","ping_status":"closed","template":"","meta":[],"product_cat":[15,31],"product_tag":[],"_links":{"self":[{"href":"https:\/\/confiserie-adam.fr\/boutique\/wp-json\/wp\/v2\/product\/13402"}],"collection":[{"href":"https:\/\/confiserie-adam.fr\/boutique\/wp-json\/wp\/v2\/product"}],"about":[{"href":"https:\/\/confiserie-adam.fr\/boutique\/wp-json\/wp\/v2\/types\/product"}],"replies":[{"embeddable":true,"href":"https:\/\/confiserie-adam.fr\/boutique\/wp-json\/wp\/v2\/comments?post=13402"}],"wp:featuredmedia":[{"embeddable":true,"href":"https:\/\/confiserie-adam.fr\/boutique\/wp-json\/wp\/v2\/media\/28990"}],"wp:attachment":[{"href":"https:\/\/confiserie-adam.fr\/boutique\/wp-json\/wp\/v2\/media?parent=13402"}],"wp:term":[{"taxonomy":"product_cat","embeddable":true,"href":"https:\/\/confiserie-adam.fr\/boutique\/wp-json\/wp\/v2\/product_cat?post=13402"},{"taxonomy":"product_tag","embeddable":true,"href":"https:\/\/confiserie-adam.fr\/boutique\/wp-json\/wp\/v2\/product_tag?post=13402"}],"curies":[{"name":"wp","href":"https:\/\/api.w.org\/{rel}","templated":true}]}}