{"id":13399,"date":"2021-04-28T14:38:08","date_gmt":"2021-04-28T12:38:08","guid":{"rendered":"https:\/\/confiserie-adam.fr\/boutique\/produit\/bonbons-dantan-salade-de-fruits\/"},"modified":"2026-04-13T17:03:45","modified_gmt":"2026-04-13T15:03:45","slug":"bonbons-dantan-salade-de-fruits","status":"publish","type":"product","link":"https:\/\/confiserie-adam.fr\/boutique\/produit\/bonbons-dantan-salade-de-fruits\/","title":{"rendered":"Bonbons d&#8217;antan &#8211; Salade de fruits"},"content":{"rendered":"<p>Bonbons traditionnels de sucre cuit &#8211; Salade de fruits.<\/p>\n<p>&nbsp;<\/p>\n<p><strong>Confiserie Adam<\/strong><\/p>\n<p>Entreprise familiale qui a \u00e0 c\u0153ur ses clients. Vous offrir \u00e0 la fois le go\u00fbt, le plaisir gustatif et la qualit\u00e9.<\/p>\n<ul>\n<li>Fabrication fran\u00e7aise depuis 1912<\/li>\n<li>Entreprise du Patrimoine Vivant<\/li>\n<li>Ingr\u00e9dients de qualit\u00e9<\/li>\n<\/ul>\n<p>&nbsp;<\/p>\n<p><strong>Conseils de conservation<\/strong><\/p>\n<p>A conserver \u00e0 l\u2019abri de la lumi\u00e8re et de l\u2019humidit\u00e9, dans un endroit frais et sec.<\/p>\n<p>&nbsp;<\/p>\n<p><strong><u>Ce produit contient<\/u><\/strong><\/p>\n<p><strong>Bonbons de sucre cuit aromatis\u00e9s saveur fruits<\/strong><\/p>\n<p>Ingr\u00e9dients : sucre (betteraves origine UE), sirop de glucose, acidifiant : acide citrique, huiles essentielles d&#8217;orange et de citron, ar\u00f4mes naturels, concentr\u00e9s (radis, citron, cassis, spiruline, pomme), colorants (curcumine, extrait de paprika)<\/p>\n<p>Peut contenir : fruits \u00e0 coque, lait, soja, arachide, gluten, oeuf, s\u00e9same<\/p>\n","protected":false},"excerpt":{"rendered":"<p>Des bonbons traditionnels au sucre cuit aux saveurs de fruits.<\/p>\n","protected":false},"featured_media":28989,"comment_status":"open","ping_status":"closed","template":"","meta":[],"product_cat":[15,31],"product_tag":[],"_links":{"self":[{"href":"https:\/\/confiserie-adam.fr\/boutique\/wp-json\/wp\/v2\/product\/13399"}],"collection":[{"href":"https:\/\/confiserie-adam.fr\/boutique\/wp-json\/wp\/v2\/product"}],"about":[{"href":"https:\/\/confiserie-adam.fr\/boutique\/wp-json\/wp\/v2\/types\/product"}],"replies":[{"embeddable":true,"href":"https:\/\/confiserie-adam.fr\/boutique\/wp-json\/wp\/v2\/comments?post=13399"}],"wp:featuredmedia":[{"embeddable":true,"href":"https:\/\/confiserie-adam.fr\/boutique\/wp-json\/wp\/v2\/media\/28989"}],"wp:attachment":[{"href":"https:\/\/confiserie-adam.fr\/boutique\/wp-json\/wp\/v2\/media?parent=13399"}],"wp:term":[{"taxonomy":"product_cat","embeddable":true,"href":"https:\/\/confiserie-adam.fr\/boutique\/wp-json\/wp\/v2\/product_cat?post=13399"},{"taxonomy":"product_tag","embeddable":true,"href":"https:\/\/confiserie-adam.fr\/boutique\/wp-json\/wp\/v2\/product_tag?post=13399"}],"curies":[{"name":"wp","href":"https:\/\/api.w.org\/{rel}","templated":true}]}}