{"id":10084,"date":"2021-02-18T16:36:07","date_gmt":"2021-02-18T15:36:07","guid":{"rendered":"https:\/\/confiserie-adam.fr\/boutique\/produit\/lievre-chocolat-au-lait-2\/"},"modified":"2026-04-23T18:49:59","modified_gmt":"2026-04-23T16:49:59","slug":"oscar-chocolat-au-lait","status":"publish","type":"product","link":"https:\/\/confiserie-adam.fr\/boutique\/produit\/oscar-chocolat-au-lait\/","title":{"rendered":"Oscar &#8211; Chocolat au lait"},"content":{"rendered":"<p>Moulage chocolat au lait &#8211; Hauteur 16cm &#8211; Li\u00e8vre<\/p>\n<p>&nbsp;<\/p>\n<p><strong>Confiserie Adam<\/strong><\/p>\n<p>Entreprise familiale qui a \u00e0 c\u0153ur ses clients. Vous offrir \u00e0 la fois le go\u00fbt, le plaisir gustatif et la qualit\u00e9.<\/p>\n<ul>\n<li>Fabrication fran\u00e7aise depuis 1912<\/li>\n<li>Entreprise du Patrimoine Vivant<\/li>\n<li>Ingr\u00e9dients de qualit\u00e9<\/li>\n<\/ul>\n<p>&nbsp;<\/p>\n<p><strong>Conseils de conservation<\/strong><\/p>\n<p>A conserver \u00e0 l\u2019abri de la lumi\u00e8re et de l\u2019humidit\u00e9, dans un endroit frais et sec.<\/p>\n<p>&nbsp;<\/p>\n<p><strong><u>Ce produit contient <\/u><\/strong><\/p>\n<p>Moulage chocolat au lait d\u00e9cor chocolat blanc<\/p>\n<p>Ingr\u00e9dients: Chocolat au LAIT (cacao 30% min)(sucre, poudre de LAIT entier, beurre de cacao, masse de cacao, poudre de LACTOSERUM, \u00e9mulsifiants: l\u00e9cithine de SOJA, E476, ar\u00f4me naturel de vanille), chocolat blanc (cacao 26% min)(sucre, beurre de cacao, poudre de LAIT entier, poudre de LACTOSERUM, \u00e9mulsifiants: l\u00e9cithine de SOJA, E476, ar\u00f4me naturel de vanille). Peut contenir: fruits \u00e0 coque.<\/p>\n","protected":false},"excerpt":{"rendered":"<p>Un moulage traditionnel et authentique.<\/p>\n","protected":false},"featured_media":9917,"comment_status":"open","ping_status":"closed","template":"","meta":[],"product_cat":[48,654],"product_tag":[],"_links":{"self":[{"href":"https:\/\/confiserie-adam.fr\/boutique\/wp-json\/wp\/v2\/product\/10084"}],"collection":[{"href":"https:\/\/confiserie-adam.fr\/boutique\/wp-json\/wp\/v2\/product"}],"about":[{"href":"https:\/\/confiserie-adam.fr\/boutique\/wp-json\/wp\/v2\/types\/product"}],"replies":[{"embeddable":true,"href":"https:\/\/confiserie-adam.fr\/boutique\/wp-json\/wp\/v2\/comments?post=10084"}],"wp:featuredmedia":[{"embeddable":true,"href":"https:\/\/confiserie-adam.fr\/boutique\/wp-json\/wp\/v2\/media\/9917"}],"wp:attachment":[{"href":"https:\/\/confiserie-adam.fr\/boutique\/wp-json\/wp\/v2\/media?parent=10084"}],"wp:term":[{"taxonomy":"product_cat","embeddable":true,"href":"https:\/\/confiserie-adam.fr\/boutique\/wp-json\/wp\/v2\/product_cat?post=10084"},{"taxonomy":"product_tag","embeddable":true,"href":"https:\/\/confiserie-adam.fr\/boutique\/wp-json\/wp\/v2\/product_tag?post=10084"}],"curies":[{"name":"wp","href":"https:\/\/api.w.org\/{rel}","templated":true}]}}