{"id":10030,"date":"2021-02-17T14:36:50","date_gmt":"2021-02-17T13:36:50","guid":{"rendered":"https:\/\/confiserie-adam.fr\/boutique\/produit\/petit-mouton-chocolat-lait\/"},"modified":"2026-04-08T11:17:45","modified_gmt":"2026-04-08T09:17:45","slug":"petite-cloche-chocolat-lait","status":"publish","type":"product","link":"https:\/\/confiserie-adam.fr\/boutique\/produit\/petite-cloche-chocolat-lait\/","title":{"rendered":"Petite cloche &#8211; chocolat lait"},"content":{"rendered":"<p>Moulage chocolat au lait \u2013 Petite cloche \u2013 Hauteur 8cm<\/p>\n<p>Sans colorants &amp; 100% pur beurre de cacao.<\/p>\n<p>&nbsp;<\/p>\n<p><strong>Ingr\u00e9dient principal :<\/strong><\/p>\n<ul>\n<li>Chocolat au lait<\/li>\n<\/ul>\n<p>&nbsp;<\/p>\n<p><strong>Confiserie Adam<\/strong><\/p>\n<p>Entreprise familiale qui a \u00e0 c\u0153ur ses clients. Vous offrir \u00e0 la fois le go\u00fbt, le plaisir gustatif et la qualit\u00e9.<\/p>\n<ul>\n<li>Fabrication fran\u00e7aise depuis 1912<\/li>\n<li>Entreprise du Patrimoine Vivant<\/li>\n<li>Ingr\u00e9dients de qualit\u00e9<\/li>\n<\/ul>\n<p>&nbsp;<\/p>\n<p><strong>Conseils de conservation<\/strong><\/p>\n<p>A conserver \u00e0 l\u2019abri de la lumi\u00e8re et de l\u2019humidit\u00e9, dans un endroit frais et sec.<\/p>\n<p>&nbsp;<\/p>\n<p><strong><u>Ce produit contient<\/u><\/strong><\/p>\n<p><strong>Moulage chocolat au lait\u00a0<\/strong><\/p>\n<p><strong>Chocolat au LAIT(cacao 30% min)<\/strong>\u2013 Ingr\u00e9dients: sucre, LAIT entier en poudre, beurre de cacao, masse de cacao, lactos\u00e9rum en poudre(LAIT), \u00e9mulsifiants: l\u00e9cithine de SOJA, E476, ar\u00f4me naturel de vanille. Peut contenir: fruits \u00e0 coque, gluten, \u0153uf, arachides.<\/p>\n<p>&nbsp;<\/p>\n","protected":false},"excerpt":{"rendered":"<p>Un petit mouton tout mignon au chocolat au lait.<\/p>\n","protected":false},"featured_media":54979,"comment_status":"open","ping_status":"closed","template":"","meta":[],"product_cat":[48,654],"product_tag":[],"_links":{"self":[{"href":"https:\/\/confiserie-adam.fr\/boutique\/wp-json\/wp\/v2\/product\/10030"}],"collection":[{"href":"https:\/\/confiserie-adam.fr\/boutique\/wp-json\/wp\/v2\/product"}],"about":[{"href":"https:\/\/confiserie-adam.fr\/boutique\/wp-json\/wp\/v2\/types\/product"}],"replies":[{"embeddable":true,"href":"https:\/\/confiserie-adam.fr\/boutique\/wp-json\/wp\/v2\/comments?post=10030"}],"wp:featuredmedia":[{"embeddable":true,"href":"https:\/\/confiserie-adam.fr\/boutique\/wp-json\/wp\/v2\/media\/54979"}],"wp:attachment":[{"href":"https:\/\/confiserie-adam.fr\/boutique\/wp-json\/wp\/v2\/media?parent=10030"}],"wp:term":[{"taxonomy":"product_cat","embeddable":true,"href":"https:\/\/confiserie-adam.fr\/boutique\/wp-json\/wp\/v2\/product_cat?post=10030"},{"taxonomy":"product_tag","embeddable":true,"href":"https:\/\/confiserie-adam.fr\/boutique\/wp-json\/wp\/v2\/product_tag?post=10030"}],"curies":[{"name":"wp","href":"https:\/\/api.w.org\/{rel}","templated":true}]}}