{"id":10027,"date":"2021-02-17T14:36:35","date_gmt":"2021-02-17T13:36:35","guid":{"rendered":"https:\/\/confiserie-adam.fr\/boutique\/produit\/les-petits-amis-mix-chocolat-lait\/"},"modified":"2026-04-23T08:56:11","modified_gmt":"2026-04-23T06:56:11","slug":"les-petits-amis-mix-chocolat-blanc","status":"publish","type":"product","link":"https:\/\/confiserie-adam.fr\/boutique\/produit\/les-petits-amis-mix-chocolat-blanc\/","title":{"rendered":"Les petits amis &#8211; Mix chocolat blanc"},"content":{"rendered":"<p>Moulage chocolat blanc \u2013 Mix poule, canard &amp; cloche \u2013 Hauteur 6cm &#8211; 10 pi\u00e8ces<\/p>\n<p>Sans colorants &amp; 100% pur beurre de cacao.<\/p>\n<p>&nbsp;<\/p>\n<p><strong>Ingr\u00e9dient principal :<\/strong><\/p>\n<ul>\n<li>Chocolat blanc<\/li>\n<\/ul>\n<p>&nbsp;<\/p>\n<p><strong>Confiserie Adam<\/strong><\/p>\n<p>Entreprise familiale qui a \u00e0 c\u0153ur ses clients. Vous offrir \u00e0 la fois le go\u00fbt, le plaisir gustatif et la qualit\u00e9.<\/p>\n<ul>\n<li>Fabrication fran\u00e7aise depuis 1912<\/li>\n<li>Entreprise du Patrimoine Vivant<\/li>\n<li>Ingr\u00e9dients de qualit\u00e9<\/li>\n<\/ul>\n<p>&nbsp;<\/p>\n<p><strong>Conseils de conservation<\/strong><\/p>\n<p>A conserver \u00e0 l\u2019abri de la lumi\u00e8re et de l\u2019humidit\u00e9, dans un endroit frais et sec.<\/p>\n<p>&nbsp;<\/p>\n<p><strong><u>Ce produit contient<\/u><\/strong><\/p>\n<p><strong>Moulages chocolat au lait, blanc ou noir<\/strong> &#8211; <strong>Chocolat blanc(cacao 26% min)<\/strong>&#8211; Ingr\u00e9dients: sucre, beurre de cacao, LAIT entier en poudre, LACTOSE, prot\u00e9ines de LAIT, LAIT \u00e9cr\u00e9m\u00e9 en poudre, \u00e9mulsifiant: l\u00e9cithine de SOJA, extrait de vanille. Peut contenir: fruits \u00e0 coque.<\/p>\n","protected":false},"excerpt":{"rendered":"<p>De mignons petits compagnons : poule, canard et cloche au chocolat blanc (sachet de 10).<\/p>\n","protected":false},"featured_media":9925,"comment_status":"open","ping_status":"closed","template":"","meta":[],"product_cat":[48,654],"product_tag":[],"_links":{"self":[{"href":"https:\/\/confiserie-adam.fr\/boutique\/wp-json\/wp\/v2\/product\/10027"}],"collection":[{"href":"https:\/\/confiserie-adam.fr\/boutique\/wp-json\/wp\/v2\/product"}],"about":[{"href":"https:\/\/confiserie-adam.fr\/boutique\/wp-json\/wp\/v2\/types\/product"}],"replies":[{"embeddable":true,"href":"https:\/\/confiserie-adam.fr\/boutique\/wp-json\/wp\/v2\/comments?post=10027"}],"wp:featuredmedia":[{"embeddable":true,"href":"https:\/\/confiserie-adam.fr\/boutique\/wp-json\/wp\/v2\/media\/9925"}],"wp:attachment":[{"href":"https:\/\/confiserie-adam.fr\/boutique\/wp-json\/wp\/v2\/media?parent=10027"}],"wp:term":[{"taxonomy":"product_cat","embeddable":true,"href":"https:\/\/confiserie-adam.fr\/boutique\/wp-json\/wp\/v2\/product_cat?post=10027"},{"taxonomy":"product_tag","embeddable":true,"href":"https:\/\/confiserie-adam.fr\/boutique\/wp-json\/wp\/v2\/product_tag?post=10027"}],"curies":[{"name":"wp","href":"https:\/\/api.w.org\/{rel}","templated":true}]}}