{"id":10025,"date":"2021-02-17T14:36:32","date_gmt":"2021-02-17T13:36:32","guid":{"rendered":"https:\/\/confiserie-adam.fr\/boutique\/produit\/les-petits-amis-mix-chocolat-au-lait\/"},"modified":"2026-04-23T18:48:48","modified_gmt":"2026-04-23T16:48:48","slug":"les-petits-amis-mix-chocolat-au-lait","status":"publish","type":"product","link":"https:\/\/confiserie-adam.fr\/boutique\/produit\/les-petits-amis-mix-chocolat-au-lait\/","title":{"rendered":"Les petits amis &#8211; Mix chocolat au lait"},"content":{"rendered":"<p>Moulage chocolat au lait \u2013 Mix poule, canard &amp; cloche \u2013 Hauteur 6cm &#8211; 10 pi\u00e8ces<\/p>\n<p>Sans colorants &amp; 100% pur beurre de cacao.<\/p>\n<p>&nbsp;<\/p>\n<p><strong>Ingr\u00e9dient principal :<\/strong><\/p>\n<ul>\n<li>Chocolat au lait<\/li>\n<\/ul>\n<p>&nbsp;<\/p>\n<p><strong>Confiserie Adam<\/strong><\/p>\n<p>Entreprise familiale qui a \u00e0 c\u0153ur ses clients. Vous offrir \u00e0 la fois le go\u00fbt, le plaisir gustatif et la qualit\u00e9.<\/p>\n<ul>\n<li>Fabrication fran\u00e7aise depuis 1912<\/li>\n<li>Entreprise du Patrimoine Vivant<\/li>\n<li>Ingr\u00e9dients de qualit\u00e9<\/li>\n<\/ul>\n<p>&nbsp;<\/p>\n<p><strong>Conseils de conservation<\/strong><\/p>\n<p>A conserver \u00e0 l\u2019abri de la lumi\u00e8re et de l\u2019humidit\u00e9, dans un endroit frais et sec.<\/p>\n<p>&nbsp;<\/p>\n<p><strong><u>Ce produit contient<\/u><\/strong><\/p>\n<p><strong>Chocolat au lait(cacao 31% min)<\/strong>&#8211; Ingr\u00e9dients: sucre, beurre de cacao, LAIT entier en poudre, p\u00e2te de cacao, LACTOSE, prot\u00e9ines de LAIT, \u00e9mulsifiant: l\u00e9cithine de SOJA, extrait de vanille. Peut contenir: fruits \u00e0 coque.<\/p>\n","protected":false},"excerpt":{"rendered":"<p>Cloche, poule et canard au chocolat au lait (sachet de 10).<\/p>\n","protected":false},"featured_media":9927,"comment_status":"open","ping_status":"closed","template":"","meta":[],"product_cat":[48,654],"product_tag":[],"_links":{"self":[{"href":"https:\/\/confiserie-adam.fr\/boutique\/wp-json\/wp\/v2\/product\/10025"}],"collection":[{"href":"https:\/\/confiserie-adam.fr\/boutique\/wp-json\/wp\/v2\/product"}],"about":[{"href":"https:\/\/confiserie-adam.fr\/boutique\/wp-json\/wp\/v2\/types\/product"}],"replies":[{"embeddable":true,"href":"https:\/\/confiserie-adam.fr\/boutique\/wp-json\/wp\/v2\/comments?post=10025"}],"wp:featuredmedia":[{"embeddable":true,"href":"https:\/\/confiserie-adam.fr\/boutique\/wp-json\/wp\/v2\/media\/9927"}],"wp:attachment":[{"href":"https:\/\/confiserie-adam.fr\/boutique\/wp-json\/wp\/v2\/media?parent=10025"}],"wp:term":[{"taxonomy":"product_cat","embeddable":true,"href":"https:\/\/confiserie-adam.fr\/boutique\/wp-json\/wp\/v2\/product_cat?post=10025"},{"taxonomy":"product_tag","embeddable":true,"href":"https:\/\/confiserie-adam.fr\/boutique\/wp-json\/wp\/v2\/product_tag?post=10025"}],"curies":[{"name":"wp","href":"https:\/\/api.w.org\/{rel}","templated":true}]}}