{"id":982,"date":"2020-03-12T11:41:41","date_gmt":"2020-03-12T10:41:41","guid":{"rendered":"https:\/\/confiserie-adam.fr\/boutique\/?page_id=982"},"modified":"2023-11-02T09:03:17","modified_gmt":"2023-11-02T08:03:17","slug":"cadeaux-daffaires","status":"publish","type":"page","link":"https:\/\/confiserie-adam.fr\/boutique\/pro-collectivites\/cadeaux-daffaires\/","title":{"rendered":"Cadeaux d&#8217;affaires"},"content":{"rendered":"<h3>Cadeau d&#8217;entreprise original<\/h3>\n<p>Vous l\u2019aurez compris, Confiserie Adam est votre partenaire pour vos cadeaux d\u2019affaires. Nous avons un choix infini de gourmandises, tous les possibles sont envisageables. Vous souhaitez offrir \u00e0 vos clients une petite attention gourmande\u00a0? Nous sommes l\u00e0 pour vous aider. Diff\u00e9rents types de contenants sont disponibles allant du plus petit au plus grand, contenants individuels, paniers garnis, nous avons un large choix \u00e0 vous proposer.<\/p>\n<p>Votre cadeau d\u2019entreprise original vous attend chez Confiserie Adam. Un cadeau d\u2019entreprise original, qu\u2019est-ce que cela signifie-t-il\u00a0? Un cadeau d\u2019affaires \u00e0 la fois gourmand, de qualit\u00e9, fabriqu\u00e9 en France et personnalis\u00e9. Une combinaison gagnante pour mettre en valeur votre entreprise.<\/p>\n<p>La mise en valeur de votre entreprise justement, Confiserie Adam saura vous y aider. Si vous faites le choix des gourmandises Confiserie Adam, vous faites le choix d\u2019une entreprise fran\u00e7aise certifi\u00e9e EPV pour Entreprise du Patrimoine Vivant. Certification d\u00e9cern\u00e9e par l\u2019Etat qui reconnait les entreprises au savoir-faire rare et d\u2019excellence. Confiserie Adam c\u2019est aussi un fabricant fran\u00e7ais depuis 1912, un fabricant cr\u00e9ateur qui utilise des mati\u00e8res premi\u00e8res de qualit\u00e9 pour ses gourmandises. \u00a0En plus de ces \u00e9l\u00e9ments Confiserie Adam propose aussi une gamme de confiseries Bio et fabriqu\u00e9es en France. Tout est r\u00e9uni pour des cadeaux d\u2019affaires \u00e0 la hauteur.<\/p>\n<p>&nbsp;<\/p>\n<p>Et parlons budget \u00e0 pr\u00e9sent. Nous sommes conscients que chaque entreprise dispose d\u2019un budget sp\u00e9cifique pour ses cadeaux d\u2019affaires. Et parce-que le budget ne doit pas \u00eatre une contrainte, Confiserie Adam s\u2019y adapte tr\u00e8s facilement. Les petits budgets auront plusieurs possibilit\u00e9s gourmandes sans laisser de c\u00f4t\u00e9 la qualit\u00e9 et l\u2019originalit\u00e9 du cadeau. Nous apportons le m\u00eame soin \u00e0 la confection de tous les cadeaux quel que soit le budget.<\/p>\n<p>&nbsp;<\/p>\n<p>Confiserie Adam c\u2019est aussi le conseil. Notre \u00e9quipe sera ravie de vous \u00e9couter et de cr\u00e9er avec vous un cadeau d\u2019affaires qui vous ressemble, unique comme votre entreprise. Le choix des gourmandises, de la pr\u00e9sentation, de la personnalisation. Et pourquoi pas des coloris et autres d\u00e9tails qui cr\u00e9eront un arrangement unique. Les cadeaux d\u2019affaires sont l\u2019occasion, une fois dans l\u2019ann\u00e9e, de mettre en avant votre entreprise et de faire plaisir \u00e0 vos collaborateurs et clients. C\u2019est une occasion unique pour parfaire vos relations commerciales et Confiserie Adam l\u2019a bien compris. Et quoi de mieux que du chocolat pour le faire\u00a0? Et oui, il existe beaucoup de possibilit\u00e9s de cadeaux d\u2019affaires, mais le chocolat reste une option encore et toujours pl\u00e9biscit\u00e9e. Et pourquoi un tel engouement\u00a0? Tout simplement parce-que la gourmandise rassemble. Quoi de mieux que de faire vivre une douce \u00e9motion gourmande \u00e0 vos clients et collaborateurs. Ils associeront alors votre entreprise \u00e0 une exp\u00e9rience positive, ceci permettra d\u2019am\u00e9liorer votre image et de la renforcer. Et au-del\u00e0 de votre image de marque, ce cadeau d\u2019affaires vous permettra de fid\u00e9liser vos meilleurs clients et de f\u00e9d\u00e9rer vos collaborateurs. De bons produits fran\u00e7ais \u00e0 d\u00e9guster, vos clients se r\u00e9galeront tout en pensant \u00e0 vous et cette gourmande attention. Il se souviendront de vous et de votre cadeau, c\u2019est certain\u00a0! Et vos \u00e9quipes appr\u00e9cieront cette attention qui r\u00e9compense votre collaboration. Vos collaborateurs seront ravis de se voir offrir des douceurs chocolat\u00e9es en fin d\u2019ann\u00e9e. Un cadeau qui fait toujours plaisir et qui rassemble.<\/p>\n<p>&nbsp;<\/p>\n<p>Prenez contact avec nos \u00e9quipes pour toutes vos demandes d\u2019informations ou de devis. Nous sommes l\u00e0 pour vous accompagner. Concernant la livraison de vos cadeaux d\u2019affaires. Plusieurs possibilit\u00e9s s\u2019offrent \u00e0 vous. Vous pouvez r\u00e9cup\u00e9rer vos cadeaux d\u2019affaires, pr\u00eats \u00e0 offrir dans notre magasin alsacien d\u2019Herrlisheim-pr\u00e8s-Colmar. Pour les personnes qui n\u2019ont pas la possibilit\u00e9 de nous rendre visite, Confiserie Adam propose \u00e9galement la livraison directement au sein de votre entreprise. Ne vous d\u00e9placez pas, vos cadeaux d\u2019affaires arrivent \u00e0 vous. Et bien-s\u00fbr, Confiserie Adam offre un service de livraison soign\u00e9 et r\u00e9actif pour satisfaire vos exigences.<\/p>\n<p>&nbsp;<\/p>\n<p>Vous l\u2019aurez compris, Confiserie Adam est le partenaire id\u00e9al pour vos cadeaux d\u2019affaires. Nous sommes \u00e0 votre \u00e9coute, proposons un assortiment large de gourmandises tout en vous garantissant qualit\u00e9 et go\u00fbt.<\/p>\n","protected":false},"excerpt":{"rendered":"<p>Cadeau d&#8217;entreprise original Vous l\u2019aurez compris, Confiserie Adam est votre partenaire pour vos cadeaux d\u2019affaires. Nous avons un choix infini de gourmandises, tous les possibles sont envisageables. Vous souhaitez offrir \u00e0 vos clients une petite attention gourmande\u00a0? Nous sommes l\u00e0 pour vous aider. Diff\u00e9rents types de contenants sont disponibles allant du plus petit au plus [&hellip;]<\/p>\n","protected":false},"author":3253,"featured_media":0,"parent":977,"menu_order":0,"comment_status":"closed","ping_status":"closed","template":"page-modules.php","meta":[],"_links":{"self":[{"href":"https:\/\/confiserie-adam.fr\/boutique\/wp-json\/wp\/v2\/pages\/982"}],"collection":[{"href":"https:\/\/confiserie-adam.fr\/boutique\/wp-json\/wp\/v2\/pages"}],"about":[{"href":"https:\/\/confiserie-adam.fr\/boutique\/wp-json\/wp\/v2\/types\/page"}],"author":[{"embeddable":true,"href":"https:\/\/confiserie-adam.fr\/boutique\/wp-json\/wp\/v2\/users\/3253"}],"replies":[{"embeddable":true,"href":"https:\/\/confiserie-adam.fr\/boutique\/wp-json\/wp\/v2\/comments?post=982"}],"version-history":[{"count":12,"href":"https:\/\/confiserie-adam.fr\/boutique\/wp-json\/wp\/v2\/pages\/982\/revisions"}],"predecessor-version":[{"id":32030,"href":"https:\/\/confiserie-adam.fr\/boutique\/wp-json\/wp\/v2\/pages\/982\/revisions\/32030"}],"up":[{"embeddable":true,"href":"https:\/\/confiserie-adam.fr\/boutique\/wp-json\/wp\/v2\/pages\/977"}],"wp:attachment":[{"href":"https:\/\/confiserie-adam.fr\/boutique\/wp-json\/wp\/v2\/media?parent=982"}],"curies":[{"name":"wp","href":"https:\/\/api.w.org\/{rel}","templated":true}]}}