{"id":980,"date":"2020-03-12T11:41:11","date_gmt":"2020-03-12T10:41:11","guid":{"rendered":"https:\/\/confiserie-adam.fr\/boutique\/?page_id=980"},"modified":"2020-06-17T15:41:33","modified_gmt":"2020-06-17T13:41:33","slug":"ecoles-et-associations","status":"publish","type":"page","link":"https:\/\/confiserie-adam.fr\/boutique\/pro-collectivites\/ecoles-et-associations\/","title":{"rendered":"Ecoles et Associations"},"content":{"rendered":"<h2>Financez vos projets avec du chocolat<\/h2>\n<p>&nbsp;<\/p>\n<p>La <strong>vente chocolat association et \u00e9cole<\/strong> est certainement la solution que vous attendiez pour financer vos projets. Un catalogue \u00e0 P\u00e2ques et \u00e0 No\u00ebl avec des gourmandises d\u00e9licieuses et irr\u00e9sistibles. Des moulages au chocolat, des \u0153ufs pralin\u00e9s, des papillotes, mais aussi des amandes enrob\u00e9es de chocolat \u00e0 la cannelle, au pain d\u2019\u00e9pices, etc. Et n\u2019oublions pas la <strong>gamme Bio Confiserie Adam<\/strong>, une gamme qui comprend \u00e0 la fois des moulages au chocolat au lait ou noir, mais aussi un assortiment de gourmandises. Des fruits enrob\u00e9s de chocolat, des croustillantes c\u00e9r\u00e9ales au caramel et bien d\u2019autres possibilit\u00e9s gourmandes et labellis\u00e9es Agriculture Biologique. Confiserie Adam le choix de la qualit\u00e9, du fabriqu\u00e9 en France, de la gourmandise.<\/p>\n","protected":false},"excerpt":{"rendered":"<p>Financez vos projets avec du chocolat &nbsp; La vente chocolat association et \u00e9cole est certainement la solution que vous attendiez pour financer vos projets. Un catalogue \u00e0 P\u00e2ques et \u00e0 No\u00ebl avec des gourmandises d\u00e9licieuses et irr\u00e9sistibles. Des moulages au chocolat, des \u0153ufs pralin\u00e9s, des papillotes, mais aussi des amandes enrob\u00e9es de chocolat \u00e0 la [&hellip;]<\/p>\n","protected":false},"author":3253,"featured_media":0,"parent":977,"menu_order":0,"comment_status":"closed","ping_status":"closed","template":"page-modules.php","meta":[],"_links":{"self":[{"href":"https:\/\/confiserie-adam.fr\/boutique\/wp-json\/wp\/v2\/pages\/980"}],"collection":[{"href":"https:\/\/confiserie-adam.fr\/boutique\/wp-json\/wp\/v2\/pages"}],"about":[{"href":"https:\/\/confiserie-adam.fr\/boutique\/wp-json\/wp\/v2\/types\/page"}],"author":[{"embeddable":true,"href":"https:\/\/confiserie-adam.fr\/boutique\/wp-json\/wp\/v2\/users\/3253"}],"replies":[{"embeddable":true,"href":"https:\/\/confiserie-adam.fr\/boutique\/wp-json\/wp\/v2\/comments?post=980"}],"version-history":[{"count":10,"href":"https:\/\/confiserie-adam.fr\/boutique\/wp-json\/wp\/v2\/pages\/980\/revisions"}],"predecessor-version":[{"id":7458,"href":"https:\/\/confiserie-adam.fr\/boutique\/wp-json\/wp\/v2\/pages\/980\/revisions\/7458"}],"up":[{"embeddable":true,"href":"https:\/\/confiserie-adam.fr\/boutique\/wp-json\/wp\/v2\/pages\/977"}],"wp:attachment":[{"href":"https:\/\/confiserie-adam.fr\/boutique\/wp-json\/wp\/v2\/media?parent=980"}],"curies":[{"name":"wp","href":"https:\/\/api.w.org\/{rel}","templated":true}]}}