{"id":977,"date":"2020-03-12T11:29:58","date_gmt":"2020-03-12T10:29:58","guid":{"rendered":"https:\/\/confiserie-adam.fr\/boutique\/?page_id=977"},"modified":"2020-06-17T15:05:45","modified_gmt":"2020-06-17T13:05:45","slug":"pro-collectivites","status":"publish","type":"page","link":"https:\/\/confiserie-adam.fr\/boutique\/pro-collectivites\/","title":{"rendered":"Pro et Collectivit\u00e9s"},"content":{"rendered":"<h2>Besoin d&#8217;une id\u00e9e cadeau d&#8217;entreprise ?<\/h2>\n<p>A la recherche d\u2019une <strong>id\u00e9e cadeau d&#8217;entreprise<\/strong> ? Vous \u00eates au bon endroit. Confiserie Adam dispose d\u2019un assortiment large et vari\u00e9 de gourmandises pour vous permettre de r\u00e9aliser le meilleur des cadeaux. <strong>Un cadeau gourmand et fabriqu\u00e9 en France<\/strong>. Votre entreprise sera mise en valeur si vous faite le choix de Confiserie Adam. Entreprise familiale fran\u00e7aise depuis 1912, Confiserie Adam vous propose des produits de qualit\u00e9, uniques et gourmands. Depuis plus de 100 ans, l\u2019entreprise perp\u00e9tue la tradition et utilise <strong>un savoir-faire rare, celui de dragiste-confiseur<\/strong>, savoir-faire que peu d\u2019entreprises utilisent encore tant il est exigeant. Notre choix est r\u00e9compens\u00e9 par l\u2019Etat qui a certifi\u00e9 Confiserie Adam EPV pour Entreprise du Patrimoine Vivant, une reconnaissance. Si vous s\u00e9lectionnez Confiserie Adam vous faite donc le choix de la qualit\u00e9 pour vos id\u00e9es cadeaux d&#8217;entreprise.<\/p>\n<p><strong>Votre budget et vos envies seront pr\u00e9serv\u00e9s, \u00e9cout\u00e9s et appliqu\u00e9s.<\/strong> Nous sommes \u00e0 votre disposition pour r\u00e9aliser votre id\u00e9e cadeau d&#8217;entreprise. Un cadeau qui vous ressemble ! Votre budget est plut\u00f4t serr\u00e9, nous nous adaptons, Confiserie Adam peut vous proposer des arrangements \u00e0 la fois qualitatifs, gourmands et \u00e0 petits prix. Par exemple, quelques fondants pralin\u00e9s pr\u00e9sent\u00e9s dans un contenant emball\u00e9 individuellement, une petite attention \u00e9l\u00e9gante qui fera plaisir. Votre budget est plus cons\u00e9quent, vous pouvez alors vous tourner vers des pr\u00e9sentations du type paniers gourmands. Notre assortiment large vous permettra de varier les plaisirs : tablettes de chocolat, pralin\u00e9s, guimauves au chocolat, drag\u00e9es et beaucoup d\u2019autres gourmandises. Notre gamme s\u2019\u00e9tend \u00e9galement aux chocolats Bio et fran\u00e7ais bien-s\u00fbr. <strong>Une belle gamme de produits d\u00e9licieux et labellis\u00e9s Agriculture Biologique pour une id\u00e9e cadeau d&#8217;entreprise de choix.<\/strong><\/p>\n<p>&nbsp;<\/p>\n<h2>Financez vos projets avec Confiserie Adam<\/h2>\n<p>Et au-del\u00e0 des id\u00e9es cadeaux pour les entreprises, Confiserie Adam vous propose de <strong>financer vos projets<\/strong>. Les \u00e9coles, associations et m\u00eame les comit\u00e9s d\u2019entreprises peuvent \u00eatre int\u00e9ress\u00e9s par nos <strong>catalogues de P\u00e2ques et de No\u00ebl<\/strong>. Ils vous permettent de <strong>collecter un b\u00e9n\u00e9fice sur les ventes de chocolat Confiserie Adam<\/strong>. Comment cela fonctionne ? Rien de plus simple, diffuser le catalogue le plus largement possible, rassembler le maximum de commandes, et ensuite nous vous permettons de r\u00e9colter un b\u00e9n\u00e9fice sur les ventes r\u00e9alis\u00e9es. B\u00e9n\u00e9fice qui permettra de financer vos projets tout en faisant des heureux avec du bon chocolat fran\u00e7ais.<\/p>\n<p>Vous l\u2019aurez compris, Confiserie Adam vous accompagne pour tous vos besoins, si vous \u00eates \u00e0 la recherche d\u2019une id\u00e9e cadeau d&#8217;entreprise, ou que vous souhaitez financer un projet pour votre \u00e9cole ou association, Confiserie Adam est l\u2019interlocuteur id\u00e9al. Pour vous en convaincre, nous vous proposons \u00e0 pr\u00e9sent un petit tour d\u2019horizon de nos produits, de quoi vous donner des id\u00e9es cadeaux entreprises\u2026<\/p>\n<p>&nbsp;<\/p>\n<h2>Un tour d&#8217;horizon de nos produits<\/h2>\n<p>Nous vous proposons des <strong>bonbons<\/strong>, mais pas n\u2019importe lesquels. Des bonbons \u00e0 la gomme d\u2019acacia \u00e9labor\u00e9s \u00e0 partir d\u2019une recette traditionnelle, les Bonbons Loup. Nous disposons \u00e9galement d\u2019une gamme alsacienne illustr\u00e9e, Le march\u00e9 de l\u2019Oncle Hansi, de d\u00e9licieuses gourmandises typiques d\u2019Alsace. \u0152ufs de cigogne au pralin\u00e9 fondant, amandes enrob\u00e9es de chocolat pain d\u2019\u00e9pices ou cannelle, pav\u00e9s de Strasbourg au caramel, etc. Un bel assortiment gourmand. Nous vous proposons \u00e9galement des coffrets gourmands de nombreux assortiments, raisins mac\u00e9r\u00e9s au chocolat, amandes et noisettes chocolat\u00e9es ou encore des ballotins de pralin\u00e9s.<\/p>\n<p>Pour les amateurs de <strong>chocolats Bio<\/strong>, Confiserie Adam a ce qu\u2019il vous faut, tout ce qu\u2019il vous faut ! Amande ou noisette enrob\u00e9es de chocolat, chocolat au lait, noir, caramel, citron&#8230; Et les <strong>p\u00e2tes de fruits<\/strong>, \u00e9voquons les p\u00e2tes de fruits pomme, framboise, cerise ou poire additionn\u00e9es \u00e0 du chocolat, une pure merveille. Les fruits confits Bio sont \u00e9galement de fins petits desserts, orange, citron ou encore les superfruits cranberry et incaberry. Avec ce petit aper\u00e7u, vous vous rendez d\u00e9j\u00e0 compte de toutes les possibilit\u00e9s gourmandes qu\u2019offre Confiserie Adam pour les professionnels et collectivit\u00e9s. Et ce n\u2019est pas fini ! Nous vous proposons dans notre gamme classique des <strong>bretzels enrob\u00e9es de chocolat<\/strong> mirabelle, cacao, cannelle et d\u2019autres saveurs gourmandes. Nous pouvons aussi parler des <strong>raisins mac\u00e9r\u00e9s aux diff\u00e9rents alcool<\/strong> (l\u2019alcool est dangereux pour la sant\u00e9, \u00e0 consommer avec mod\u00e9ration), Champagne, Cognac, eau de vie framboise, sans oublier le typique Gewurztraminer et bien d\u2019autres. Si vous souhaitez des gourmandises plus tendres, Confiserie Adam a aussi de quoi r\u00e9pondre \u00e0 vos attentes avec ses <strong>guimauves enrob\u00e9es de chocolat<\/strong> aux diff\u00e9rentes saveurs fruit\u00e9es, festives, de desserts ou plus classiques. Et si vous aimez plut\u00f4t les fruits, notre assortiment compte des p\u00e2tes de fruits, passion, framboise, cerise et bien d\u2019autres fruits vitamin\u00e9s et des fruits confits tels que l\u2019orange et le citron additionn\u00e9s \u00e0 du chocolat fondant. Une association aussi d\u00e9licieuse qu\u2019audacieuse.<\/p>\n<p>D\u2019autres sp\u00e9cialit\u00e9s gourmandes devraient remporter vos faveurs, professionnels et collectivit\u00e9s pour vos cadeaux d&#8217;entreprise. Que dites-vous de go\u00fbter \u00e0 nos irr\u00e9sistibles <strong>Pralissimo<\/strong>, une amande grill\u00e9e enrob\u00e9e de chocolat noir et de pralin\u00e9 sous une fine couche de sucre, disponibles en 8 coloris, ils sauront r\u00e9pondre \u00e0 vos attentes gourmandes tout en s\u2019adaptant \u00e0 votre entreprise. Les <strong>Dessertissimo<\/strong> \u00e9galement, de petites bouch\u00e9es aux bons go\u00fbts de desserts, crumble fruits rouges, tarte tatin ou citron, macaron coco, cr\u00e8me br\u00fbl\u00e9e ou encore saveur tiramisu. Vous ne pouvez pas r\u00e9sister. \u00c9voquons \u00e9galement les drag\u00e9es, mais les drag\u00e9es personnalis\u00e9es, un cadeau \u00e0 la fois gourmand et marqu\u00e9 \u00e0 votre effigie. Un petit pr\u00e9sent qui saura retenir l\u2019attention et marquer les esprits.<\/p>\n<p>Contactez-nous au plus vite pour cr\u00e9er ensemble des cadeaux d&#8217;entreprise qui vous ressemble !<\/p>\n","protected":false},"excerpt":{"rendered":"<p>Besoin d&#8217;une id\u00e9e cadeau d&#8217;entreprise ? A la recherche d\u2019une id\u00e9e cadeau d&#8217;entreprise ? Vous \u00eates au bon endroit. Confiserie Adam dispose d\u2019un assortiment large et vari\u00e9 de gourmandises pour vous permettre de r\u00e9aliser le meilleur des cadeaux. Un cadeau gourmand et fabriqu\u00e9 en France. Votre entreprise sera mise en valeur si vous faite le [&hellip;]<\/p>\n","protected":false},"author":3253,"featured_media":0,"parent":0,"menu_order":0,"comment_status":"closed","ping_status":"closed","template":"page-modules.php","meta":[],"_links":{"self":[{"href":"https:\/\/confiserie-adam.fr\/boutique\/wp-json\/wp\/v2\/pages\/977"}],"collection":[{"href":"https:\/\/confiserie-adam.fr\/boutique\/wp-json\/wp\/v2\/pages"}],"about":[{"href":"https:\/\/confiserie-adam.fr\/boutique\/wp-json\/wp\/v2\/types\/page"}],"author":[{"embeddable":true,"href":"https:\/\/confiserie-adam.fr\/boutique\/wp-json\/wp\/v2\/users\/3253"}],"replies":[{"embeddable":true,"href":"https:\/\/confiserie-adam.fr\/boutique\/wp-json\/wp\/v2\/comments?post=977"}],"version-history":[{"count":10,"href":"https:\/\/confiserie-adam.fr\/boutique\/wp-json\/wp\/v2\/pages\/977\/revisions"}],"predecessor-version":[{"id":7455,"href":"https:\/\/confiserie-adam.fr\/boutique\/wp-json\/wp\/v2\/pages\/977\/revisions\/7455"}],"wp:attachment":[{"href":"https:\/\/confiserie-adam.fr\/boutique\/wp-json\/wp\/v2\/media?parent=977"}],"curies":[{"name":"wp","href":"https:\/\/api.w.org\/{rel}","templated":true}]}}