{"id":2,"date":"2020-01-10T12:18:47","date_gmt":"2020-01-10T11:18:47","guid":{"rendered":"https:\/\/confiserie-adam.fr\/boutique\/?page_id=2"},"modified":"2026-02-25T10:01:50","modified_gmt":"2026-02-25T09:01:50","slug":"page-daccueil","status":"publish","type":"page","link":"https:\/\/confiserie-adam.fr\/boutique\/","title":{"rendered":"Page d&#8217;accueil"},"content":{"rendered":"\r\n<h2>Chocolaterie et confiserie alsacienne<\/h2>\r\n<p>D\u00e9couvrez la boutique en ligne Confiserie Adam. Nous vous proposons une large gamme de gourmandises fabriqu\u00e9es en France : moulages, pralin\u00e9s, chocolats\u2026 Un vaste choix de chocolats fabriqu\u00e9s en France dans notre <strong>chocolaterie et<\/strong> <strong>confiserie alsacienne depuis 1912<\/strong>, et dans le respect des traditions.<\/p>\r\n<p>Confiserie Adam d\u00e9veloppe \u00e9galement <strong>une gamme de produits Bio<\/strong> dans sa chocolaterie et confiserie. Pourquoi le Bio ? Il s\u2019est r\u00e9v\u00e9l\u00e9 comme \u00e9vident pour Confiserie Adam de proposer des produits Bio \u00e0 ses clients. En accord avec ses valeurs, la qualit\u00e9, le plaisir gustatif et fabriqu\u00e9 en France, le Bio r\u00e9pond parfaitement \u00e0 vos besoins et nos exigences. La chocolaterie et confiserie alsacienne s\u2019anime donc au quotidien pour r\u00e9pondre \u00e0 diverses exigences gourmandes. <br \/><br \/>Nous avons \u00e0 c\u0153ur d&#8217;<strong>offrir le meilleur \u00e0 nos clients<\/strong>. Et pour ce faire nous s\u00e9lectionnons avec soin nos mati\u00e8res premi\u00e8res, les origines, le go\u00fbt : tout est \u00e9tudi\u00e9. Ensuite c\u2019est en France plus pr\u00e9cis\u00e9ment en Alsace que la fabrication, l\u2019assemblage des mati\u00e8res est fait pour cr\u00e9er vos gourmandises. Nous utilisons encore <strong>le savoir-faire rare de dragiste-confiseur<\/strong> pour fabriquer ces petits d\u00e9lices, et ceci depuis 1912. Plus de 100 ans que nous mettons un point d\u2019honneur \u00e0 maintenir cette tradition qui permet de r\u00e9v\u00e9ler le meilleur des mati\u00e8res et de fabriquer vos d\u00e9licieux chocolats. <br \/>Le savoir-faire de la <strong>chocolaterie et confiserie alsacienne<\/strong> est m\u00eame reconnu par l\u2019\u00e9tat via la <strong>certification EPV pour Entreprise du Patrimoine Vivant<\/strong>. Cette distinction reconna\u00eet une poign\u00e9e d\u2019entreprises fran\u00e7aises pour leur engagement dans le maintien des traditions et des savoir-faire devenus rares.<\/p>\r\n<p>Gr\u00e2ce \u00e0 la <strong>boutique en ligne Confiserie Adam<\/strong> vous pourrez vous aussi go\u00fbter, offrir et appr\u00e9cier l\u2019ensemble de nos gourmandises en \u00e9tant livr\u00e9 directement chez vous. D\u00e9couvrez l\u2019\u00e9tendue des produits Confiserie Adam : <strong>bonbons, chocolats, drag\u00e9es, tout est l\u00e0 pour r\u00e9pondre \u00e0 vos envies gourmandes<\/strong>. Vous avez plut\u00f4t envie de vous accorder une pause gourmande ? Craquez pour nos sachets pratiques \u00e0 emporter partout. Plut\u00f4t \u00e0 la recherche d\u2019un cadeau \u00e0 offrir pour une occasion particuli\u00e8re ? Laissez-vous tenter par nos coffrets cadeau, diff\u00e9rentes formes, diff\u00e9rents assortiments, chacun trouvera le cadeau id\u00e9al \u00e0 offrir ou \u00e0 s\u2019offrir ! Et bien-s\u00fbr si vous recherchez des drag\u00e9es, vous trouverez votre bonheur dans notre confiserie alsacienne. Drag\u00e9es aux amandes, au chocolat, et m\u00eame des drag\u00e9es originales au caramel, \u00e0 la guimauve&#8230; toutes les gourmandises sont repr\u00e9sent\u00e9es !<\/p>\r\n","protected":false},"excerpt":{"rendered":"<p>Chocolaterie et confiserie alsacienne D\u00e9couvrez la boutique en ligne Confiserie Adam. Nous vous proposons une large gamme de gourmandises fabriqu\u00e9es en France : moulages, pralin\u00e9s, chocolats\u2026 Un vaste choix de chocolats fabriqu\u00e9s en France dans notre chocolaterie et confiserie alsacienne depuis 1912, et dans le respect des traditions. Confiserie Adam d\u00e9veloppe \u00e9galement une gamme de [&hellip;]<\/p>\n","protected":false},"author":3253,"featured_media":0,"parent":0,"menu_order":0,"comment_status":"closed","ping_status":"open","template":"","meta":[],"_links":{"self":[{"href":"https:\/\/confiserie-adam.fr\/boutique\/wp-json\/wp\/v2\/pages\/2"}],"collection":[{"href":"https:\/\/confiserie-adam.fr\/boutique\/wp-json\/wp\/v2\/pages"}],"about":[{"href":"https:\/\/confiserie-adam.fr\/boutique\/wp-json\/wp\/v2\/types\/page"}],"author":[{"embeddable":true,"href":"https:\/\/confiserie-adam.fr\/boutique\/wp-json\/wp\/v2\/users\/3253"}],"replies":[{"embeddable":true,"href":"https:\/\/confiserie-adam.fr\/boutique\/wp-json\/wp\/v2\/comments?post=2"}],"version-history":[{"count":59,"href":"https:\/\/confiserie-adam.fr\/boutique\/wp-json\/wp\/v2\/pages\/2\/revisions"}],"predecessor-version":[{"id":54159,"href":"https:\/\/confiserie-adam.fr\/boutique\/wp-json\/wp\/v2\/pages\/2\/revisions\/54159"}],"wp:attachment":[{"href":"https:\/\/confiserie-adam.fr\/boutique\/wp-json\/wp\/v2\/media?parent=2"}],"curies":[{"name":"wp","href":"https:\/\/api.w.org\/{rel}","templated":true}]}}