{"id":1142,"date":"2020-03-16T09:34:14","date_gmt":"2020-03-16T08:34:14","guid":{"rendered":"https:\/\/confiserie-adam.fr\/boutique\/?page_id=1142"},"modified":"2023-11-02T09:03:42","modified_gmt":"2023-11-02T08:03:42","slug":"cadeau-comites-dentreprises","status":"publish","type":"page","link":"https:\/\/confiserie-adam.fr\/boutique\/pro-collectivites\/cadeau-comites-dentreprises\/","title":{"rendered":"Comit\u00e9s d&#8217;entreprises"},"content":{"rendered":"<h2>Optez pour un cadeau pour comit\u00e9 d&#8217;entreprise original<\/h2>\n<p>Faire le choix de Confiserie Adam pour vos cadeaux comit\u00e9 d\u2019entreprise vous garantit <strong>des produits de qualit\u00e9 et fabriqu\u00e9s en France par une entreprise familiale depuis 1912<\/strong>. Confiserie Adam utilise encore <strong>le savoir-faire rare de dragiste-confiseur<\/strong>, savoir-faire que tr\u00e8s peu d\u2019entreprises utilisent encore et qui promet des gourmandises de qualit\u00e9 aux saveurs incomparables. Un gage de qualit\u00e9 pour vos cadeaux comit\u00e9 d\u2019entreprise.<\/p>\n<p>Au-del\u00e0 de cet \u00e9l\u00e9ment Confiserie Adam c\u2019est aussi une \u00e9quipe d\u00e9di\u00e9e et enti\u00e8rement \u00e0 votre \u00e9coute pour r\u00e9aliser des cadeaux comit\u00e9 d\u2019entreprise qui vous ressemble. Si vous avez d\u00e9j\u00e0 une id\u00e9e, nous vous accompagnerons avec plaisir pour la concr\u00e9tiser et si au contraire vous attendez une proposition, soyez s\u00fbr que vous allez avoir le choix. A l\u2019\u00e9coute de vos envies et de vos besoins, nous pouvons <strong>vous conseiller dans le choix de vos cadeaux pour comit\u00e9 d\u2019entreprise<\/strong>. Choix du type de gourmandises, choix de la pr\u00e9sentation, des coloris et tout autre \u00e9l\u00e9ment important pour vous. Nous savons bien-s\u00fbr nous adapter \u00e0 votre budget tout en respectant vos envies. Les petits comme les plus grands budgets trouveront un cadeau comit\u00e9 d\u2019entreprise qui ressemble \u00e0 leur entreprise. Notre exp\u00e9rience vous garantit de trouver le pr\u00e9sent id\u00e9al.<\/p>\n<p>Plusieurs entreprises nous font confiance depuis de nombreuses ann\u00e9es pour leurs cadeaux comit\u00e9 d\u2019entreprise. Tous secteurs confondus et toutes tailles d\u2019entreprises, nous savons r\u00e9pondre \u00e0 chaque type de besoin, notre structure flexible et r\u00e9active ainsi que nos produits fabriqu\u00e9s en France, tous ces \u00e9l\u00e9ments nous permettent de <strong>satisfaire tous les besoins<\/strong>. Vous avez aussi le choix de retirer votre commande au magasin d\u2019Herrlisheim-pr\u00e8s-Colmar ou de vous faire livrer vos cadeaux comit\u00e9 d\u2019entreprise directement au lieu de votre choix.<\/p>\n<p>&nbsp;<\/p>\n<h2>Financez vos projets d&#8217;entreprise<\/h2>\n<p>Notre offre pour les comit\u00e9s d\u2019entreprises ne s\u2019arr\u00eate pas l\u00e0, <strong>Confiserie Adam met \u00e0 votre disposition, deux fois par an, un catalogue \u00e0 P\u00e2ques et \u00e0 No\u00ebl<\/strong>. Catalogue qui vous permet de <strong>financer vos projets d\u2019entreprise, repas de No\u00ebl, cadeaux de fin d\u2019ann\u00e9e<\/strong> ou tout autre projet qui vous tient \u00e0 c\u0153ur. C\u2019est simple, notre catalogue est disponible en version num\u00e9rique ou papier et regroupe une s\u00e9lection gourmande sp\u00e9cifique pour P\u00e2ques ou No\u00ebl. Moulages chocolat, ballotins de pralin\u00e9, \u0153ufs, papillotes et beaucoup d\u2019autres douceurs. Ensuite, il suffit de diffuser largement ce catalogue aupr\u00e8s des salari\u00e9s de l\u2019entreprise et de rassembler le maximum de commandes. Nous pr\u00e9parons ensuite les commandes unes \u00e0 unes et lors du r\u00e8glement de ces derni\u00e8res ceci vous permet d\u2019en <strong>collecter une partie sous forme de b\u00e9n\u00e9fice financier<\/strong>. B\u00e9n\u00e9fice que vous pouvez, \u00e0 loisir, allouer au financement de vos projets.<\/p>\n<p>&nbsp;<\/p>\n<h2><strong>Nos gourmandises \u00e0 offrir\u00a0<\/strong><\/h2>\n<p>Faisons un rapide tour d\u2019horizon des gourmandises envisageables pour vos besoins sp\u00e9cifiques de comit\u00e9s d\u2019entreprises. Gourmandises qui feront de parfaits cadeaux et qui peuvent \u00e9galement se retrouver dans votre catalogue d\u00e9di\u00e9.<\/p>\n<p>Les <strong>bonbons<\/strong> par exemple, mais les Bonbons Loup \u00e9labor\u00e9s \u00e0 partir de gomme d\u2019acacia et travaill\u00e9s avec une <strong>recette traditionnelle<\/strong>. Des saveurs de r\u00e9glisse, de fruits ou encore de menthol, d\u00e9licieux. Les produits r\u00e9gionaux font \u00e9galement partis de notre offre, amande enrob\u00e9e de chocolat cannelle, haricot d\u2019Alsace feuillet\u00e9, raisins mac\u00e9r\u00e9s au Gewurztraminer, et bien d\u2019autres sp\u00e9cialit\u00e9s gourmandes alsaciennes qui raviront les amateurs.<\/p>\n<p>Confiserie Adam vous propose \u00e9galement ses <strong>ballotins de pralin\u00e9s<\/strong>, un assortiment de bouch\u00e9es chocolat\u00e9es aux diff\u00e9rents parfums\u00a0: ganache caramel, \u00e9clats de noisettes, gianduja, brisures de macaron, ganache au caf\u00e9, etc\u2026 on se sent d\u00e9j\u00e0 transport\u00e9 par tant de gourmandises.<\/p>\n<p>La <strong>gamme Bio<\/strong> devrait \u00e9galement vous ravir, des moulages pour P\u00e2ques ainsi que des gourmandises irr\u00e9sistibles amandes au chocolat, chocolat au lait, noir, blanc citron, caramel par exemple. Mais aussi des <strong>douceurs aux fruits<\/strong>, p\u00e2tes de fruits, fruits confits, raisins secs ou superfruits m\u00eal\u00e9s au fondant chocolat. Un assortiment de saveurs vitamin\u00e9es et d\u00e9licieuses. Des <strong>gourmandises croustillantes, tendres ou originales<\/strong> font \u00e9galement partie de la s\u00e9lection Bio. C\u00e9r\u00e9ale, guimauve, c\u0153ur feuillet\u00e9 pralin\u00e9, etc\u2026<\/p>\n<p>D\u2019autres sp\u00e9cialit\u00e9s gourmandes vous attendent \u00e9galement et s\u2019adapteront \u00e0 vos besoins de comit\u00e9 d\u2019entreprise. <strong>Des cookies trois chocolats, des bretzels enrob\u00e9s de chocolat aux saveurs irr\u00e9sistibles<\/strong>\u00a0: mirabelle, pain d\u2019\u00e9pices, cacao, cannelle ou encore pralin\u00e9. Viennent \u00e0 pr\u00e9sent les <strong>raisins mac\u00e9r\u00e9s aux eaux de vies<\/strong>, framboise, poire, kirsch par exemple, mais aussi mac\u00e9r\u00e9s aux cocktails, mojito, gin et d\u2019autres, mais aussi des raisins mac\u00e9r\u00e9s aux spiritueux, cognac, whisky ou encore calvados. De quoi ravir des amateurs et fins palais.<br \/>\nDans la gamme fruit\u00e9e, nous pouvons \u00e9galement vous proposer des <strong>p\u00e2tes de fruits au chocolat et des fruits confits<\/strong>. Fruit de la passion, fruits rouges, agrumes raviront vos papilles. Les tendres guimauves, \u00e9galement une douceur de choix, des guimauves enrob\u00e9es de chocolat aux diff\u00e9rentes saveurs de fruits, saveurs festives, mais aussi de desserts et plus classiques. Confiserie Adam c\u2019est aussi des <strong>fruits secs<\/strong>, amandes et noisettes chocolat\u00e9es. Pralin\u00e9, chocolat framboise, sp\u00e9culoos, caramel et d\u2019autres saveurs aussi surprenantes les unes que les autres.<\/p>\n<p>&nbsp;<\/p>\n","protected":false},"excerpt":{"rendered":"<p>Optez pour un cadeau pour comit\u00e9 d&#8217;entreprise original Faire le choix de Confiserie Adam pour vos cadeaux comit\u00e9 d\u2019entreprise vous garantit des produits de qualit\u00e9 et fabriqu\u00e9s en France par une entreprise familiale depuis 1912. Confiserie Adam utilise encore le savoir-faire rare de dragiste-confiseur, savoir-faire que tr\u00e8s peu d\u2019entreprises utilisent encore et qui promet des [&hellip;]<\/p>\n","protected":false},"author":3253,"featured_media":0,"parent":977,"menu_order":0,"comment_status":"closed","ping_status":"closed","template":"page-modules.php","meta":[],"_links":{"self":[{"href":"https:\/\/confiserie-adam.fr\/boutique\/wp-json\/wp\/v2\/pages\/1142"}],"collection":[{"href":"https:\/\/confiserie-adam.fr\/boutique\/wp-json\/wp\/v2\/pages"}],"about":[{"href":"https:\/\/confiserie-adam.fr\/boutique\/wp-json\/wp\/v2\/types\/page"}],"author":[{"embeddable":true,"href":"https:\/\/confiserie-adam.fr\/boutique\/wp-json\/wp\/v2\/users\/3253"}],"replies":[{"embeddable":true,"href":"https:\/\/confiserie-adam.fr\/boutique\/wp-json\/wp\/v2\/comments?post=1142"}],"version-history":[{"count":11,"href":"https:\/\/confiserie-adam.fr\/boutique\/wp-json\/wp\/v2\/pages\/1142\/revisions"}],"predecessor-version":[{"id":32031,"href":"https:\/\/confiserie-adam.fr\/boutique\/wp-json\/wp\/v2\/pages\/1142\/revisions\/32031"}],"up":[{"embeddable":true,"href":"https:\/\/confiserie-adam.fr\/boutique\/wp-json\/wp\/v2\/pages\/977"}],"wp:attachment":[{"href":"https:\/\/confiserie-adam.fr\/boutique\/wp-json\/wp\/v2\/media?parent=1142"}],"curies":[{"name":"wp","href":"https:\/\/api.w.org\/{rel}","templated":true}]}}